{"id":28,"date":"2024-04-16T18:07:46","date_gmt":"2024-04-16T17:07:46","guid":{"rendered":"https:\/\/www.academyelite.store\/?page_id=28"},"modified":"2026-04-07T19:23:07","modified_gmt":"2026-04-07T18:23:07","slug":"statni-zkousky","status":"publish","type":"page","link":"https:\/\/www.academyelite.store\/studium\/aktualni-informace\/statni-zkousky\/","title":{"rendered":"ST\u00c1TN\u00cd JAZYKOV\u00c1 ZKOU\u0160KA Z\u00c1KLADN\u00cd"},"content":{"rendered":"\n<div class=\"wp-block-group\"><div class=\"wp-block-group__inner-container is-layout-constrained wp-block-group-is-layout-constrained\">\n<p><strong>Registrace \u2013 St\u00e1tn\u00ed jazykov\u00e1 zkou\u0161ka Z\u00c1KLADN\u00cd z \u010desk\u00e9ho jazyka (\u00farove\u0148 B2)<\/strong><\/p>\n<p>\n\n\n\n<\/p>\n<ul>\n<li style=\"list-style-type: none;\">\n<ul>\n<p>\n\n\n\n<article class=\"text-token-text-primary w-full focus:outline-none [--shadow-height:45px] has-data-writing-block:pointer-events-none has-data-writing-block:-mt-(--shadow-height) has-data-writing-block:pt-(--shadow-height) [&amp;:has([data-writing-block])&gt;*]:pointer-events-auto [content-visibility:auto] supports-[content-visibility:auto]:[contain-intrinsic-size:auto_100lvh] scroll-mt-[calc(var(--header-height)+min(200px,max(70px,20svh)))]\" dir=\"auto\" tabindex=\"-1\" data-turn-id=\"83531135-60b7-420c-9a7d-854a0180f7e1\" data-testid=\"conversation-turn-18\" data-scroll-anchor=\"true\" data-turn=\"assistant\">\n<div class=\"text-base my-auto mx-auto pb-10 [--thread-content-margin:--spacing(4)] thread-sm:[--thread-content-margin:--spacing(6)] thread-lg:[--thread-content-margin:--spacing(16)] px-(--thread-content-margin)\">\n<div class=\"[--thread-content-max-width:40rem] thread-lg:[--thread-content-max-width:48rem] mx-auto max-w-(--thread-content-max-width) flex-1 group\/turn-messages focus-visible:outline-hidden relative flex w-full min-w-0 flex-col agent-turn\" tabindex=\"-1\">\n<div class=\"flex max-w-full flex-col grow\">\n<div class=\"min-h-8 text-message relative flex w-full flex-col items-end gap-2 text-start break-words whitespace-normal [.text-message+&amp;]:mt-1\" dir=\"auto\" data-message-author-role=\"assistant\" data-message-id=\"e954c667-09fe-48f8-a5b1-cdb49cb1aeb3\" data-message-model-slug=\"gpt-5-mini\">\n<div class=\"flex w-full flex-col gap-1 empty:hidden first:pt-[1px]\">\n<div class=\"markdown prose dark:prose-invert w-full break-words light markdown-new-styling\">\n<p style=\"text-align: left;\" data-start=\"0\" data-end=\"57\">Po \u00fasp\u011b\u0161n\u00e9m slo\u017een\u00ed zkou\u0161ky obdr\u017e\u00edte certifik\u00e1t, kter\u00fd:<\/p>\n<p style=\"text-align: left;\" data-start=\"59\" data-end=\"298\" data-is-last-node=\"\" data-is-only-node=\"\">\u2705 je uzn\u00e1v\u00e1n na mezin\u00e1rodn\u00ed \u00farovni,<br data-start=\"94\" data-end=\"97\" \/>\ud83c\udf93 otev\u00edr\u00e1 dve\u0159e k univerzit\u00e1m,<br data-start=\"128\" data-end=\"131\" \/>\ud83d\udcbc umo\u017e\u0148uje pracovat v regulovan\u00fdch profes\u00edch (l\u00e9ka\u0159i, zdravotn\u00ed sestry, u\u010ditel\u00e9, pr\u00e1vn\u00edci, psychologov\u00e9),<br data-start=\"237\" data-end=\"240\" \/>\ud83c\udfe1 poskytuje pr\u00e1vo na z\u00edsk\u00e1n\u00ed trval\u00e9ho pobytu a ob\u010danstv\u00ed.<\/p>\n<\/div>\n<\/div>\n<\/div>\n<\/div>\n<\/div>\n<\/div>\n<\/article>\n<h2 style=\"text-align: left;\" data-section-id=\"h1jm3x\" data-start=\"55\" data-end=\"99\">St\u00e1tn\u00ed jazykov\u00e1 zkou\u0161ka \u2013 15. kv\u011btna 2026<\/h2>\n<p style=\"text-align: left;\" data-start=\"101\" data-end=\"230\"><span class=\"hover:entity-accent entity-underline inline cursor-pointer align-baseline\"><span class=\"whitespace-normal\">Academy Elite<\/span><\/span> vyhla\u0161uje term\u00edn <strong data-start=\"156\" data-end=\"189\">st\u00e1tn\u00ed jazykov\u00e9 zkou\u0161ky (SJZ)<\/strong>, kter\u00fd se uskute\u010dn\u00ed dne <strong data-start=\"214\" data-end=\"229\">15. 5. 2026<\/strong>.<\/p>\n<p><span style=\"font-weight: 400;\">Datum a \u010das: <strong>15.5.2026<\/strong> ve 13:30<\/span><\/p>\n<h3 style=\"text-align: left;\" data-section-id=\"hz0h2t\" data-start=\"232\" data-end=\"262\">\ud83d\udccc Term\u00edn pod\u00e1n\u00ed p\u0159ihl\u00e1\u0161ky<\/h3>\n<p style=\"text-align: left;\" data-start=\"263\" data-end=\"322\"><span style=\"font-weight: 400;\">\u2757\ufe0f Registrace je otev\u0159ena do <strong>17.4.2026<\/strong><\/span><\/p>\n<p data-start=\"263\" data-end=\"322\">Cena: 4 000 k\u010d,\u00a0<\/p>\n<h3 style=\"text-align: left;\" data-section-id=\"nx8j2s\" data-start=\"324\" data-end=\"345\">\ud83d\udcb3 \u00dahrada zkou\u0161ky<\/h3>\n<p style=\"text-align: left;\" data-start=\"346\" data-end=\"489\">Poplatek za zkou\u0161ku mus\u00ed b\u00fdt uhrazen nejpozd\u011bji do <strong data-start=\"397\" data-end=\"416\">17.04.2026<\/strong>.<br data-start=\"417\" data-end=\"420\" \/>Za p\u0159ihl\u00e1\u0161ku se pova\u017euje z\u00e1vazn\u00e1 a\u017e po p\u0159ips\u00e1n\u00ed platby na \u00fa\u010det \u0161koly, hotovost.<\/p>\n<h3 style=\"text-align: left;\" data-section-id=\"1wg5egx\" data-start=\"491\" data-end=\"513\">\u23f3 Pozdn\u00ed p\u0159ihl\u00e1\u0161ky<\/h3>\n<p style=\"text-align: left;\" data-start=\"514\" data-end=\"651\">V p\u0159\u00edpad\u011b voln\u00e9 kapacity je mo\u017en\u00e9 p\u0159ijmout p\u0159ihl\u00e1\u0161ky po <strong data-start=\"570\" data-end=\"588\">17. 04. 2026 cena 4600 K\u010d.<\/strong><br data-start=\"589\" data-end=\"592\" \/>V tomto p\u0159\u00edpad\u011b m\u016f\u017ee b\u00fdt \u00fa\u010dtov\u00e1n administrativn\u00ed p\u0159\u00edplatek.<\/p>\n<h3 style=\"text-align: left;\" data-section-id=\"118gc12\" data-start=\"653\" data-end=\"677\">\ud83d\udcc4 Zp\u016fsob p\u0159ihl\u00e1\u0161en\u00ed<\/h3>\n<ul style=\"text-align: left;\" data-start=\"678\" data-end=\"781\">\n<li data-section-id=\"133xhxm\" data-start=\"678\" data-end=\"737\">\n<p data-start=\"680\" data-end=\"737\">vypln\u011bn\u00edm p\u0159ihl\u00e1\u0161ky (online \/ osobn\u011b v kancel\u00e1\u0159i \u0161koly)<\/p>\n<\/li>\n<li data-section-id=\"pydten\" data-start=\"738\" data-end=\"760\">\n<p data-start=\"740\" data-end=\"760\">odesl\u00e1n\u00edm e-mailem<\/p>\n<\/li>\n<li data-section-id=\"3s8y8i\" data-start=\"761\" data-end=\"781\">\n<p data-start=\"763\" data-end=\"781\">doru\u010den\u00edm po\u0161tou<\/p>\n<\/li>\n<\/ul>\n<p style=\"text-align: left;\" data-start=\"783\" data-end=\"924\">Bli\u017e\u0161\u00ed informace o pr\u016fb\u011bhu zkou\u0161ky, po\u017eadavc\u00edch a platb\u011b naleznete v sekci <em data-start=\"858\" data-end=\"883\">St\u00e1tn\u00ed jazykov\u00e9 zkou\u0161ky<\/em> nebo v\u00e1m je r\u00e1di poskytneme na vy\u017e\u00e1d\u00e1n\u00ed.<\/p>\n<p data-start=\"88\" data-end=\"130\">Statn\u00ed zkou\u0161ky budou prob\u00edhat na adrese:<\/p>\n<p data-start=\"132\" data-end=\"276\"><strong data-start=\"181\" data-end=\"217\">Starochodovsk\u00e1 1360\/78A, Praha 11<\/strong> (p\u00edsemn\u00e1 a \u00fastn\u00ed \u010d\u00e1st). Informace na studijn\u00edm odd\u011blen\u00ed tel: 777 982 045, e-mail: info@academyelite.org\u00a0<\/p>\n<p data-start=\"132\" data-end=\"276\"><img loading=\"lazy\" decoding=\"async\" class=\"alignnone  wp-image-879\" src=\"https:\/\/www.academyelite.store\/wp-content\/uploads\/2026\/04\/Add-a-heading-5-212x300.png\" alt=\"\" width=\"518\" height=\"733\" srcset=\"https:\/\/www.academyelite.store\/wp-content\/uploads\/2026\/04\/Add-a-heading-5-212x300.png 212w, https:\/\/www.academyelite.store\/wp-content\/uploads\/2026\/04\/Add-a-heading-5-724x1024.png 724w, https:\/\/www.academyelite.store\/wp-content\/uploads\/2026\/04\/Add-a-heading-5-768x1086.png 768w, https:\/\/www.academyelite.store\/wp-content\/uploads\/2026\/04\/Add-a-heading-5-1086x1536.png 1086w, https:\/\/www.academyelite.store\/wp-content\/uploads\/2026\/04\/Add-a-heading-5-1448x2048.png 1448w, https:\/\/www.academyelite.store\/wp-content\/uploads\/2026\/04\/Add-a-heading-5.png 1587w\" sizes=\"auto, (max-width: 518px) 100vw, 518px\" \/><\/p>\n<p data-start=\"132\" data-end=\"276\">\u00a0<\/p>\n\n\n\n<\/p>\n<figure class=\"wp-block-gallery-1 is-layout-flex wp-block-gallery-is-layout-flex\">\n\n<\/figure>\n<p>\n\n\n\n<\/p>\n<article class=\"text-token-text-primary w-full focus:outline-none [--shadow-height:45px] has-data-writing-block:pointer-events-none has-data-writing-block:-mt-(--shadow-height) has-data-writing-block:pt-(--shadow-height) [&amp;:has([data-writing-block])&gt;*]:pointer-events-auto [content-visibility:auto] supports-[content-visibility:auto]:[contain-intrinsic-size:auto_100lvh] scroll-mt-[calc(var(--header-height)+min(200px,max(70px,20svh)))]\" dir=\"auto\" tabindex=\"-1\" data-turn-id=\"request-WEB:ceed8df4-c45f-4dc0-889a-94c94bd67e25-10\" data-testid=\"conversation-turn-22\" data-scroll-anchor=\"true\" data-turn=\"assistant\">\n<div class=\"text-base my-auto mx-auto pb-10 [--thread-content-margin:--spacing(4)] thread-sm:[--thread-content-margin:--spacing(6)] thread-lg:[--thread-content-margin:--spacing(16)] px-(--thread-content-margin)\">\n<div class=\"[--thread-content-max-width:40rem] thread-lg:[--thread-content-max-width:48rem] mx-auto max-w-(--thread-content-max-width) flex-1 group\/turn-messages focus-visible:outline-hidden relative flex w-full min-w-0 flex-col agent-turn\" tabindex=\"-1\">\n<div class=\"flex max-w-full flex-col grow\">\n<div class=\"min-h-8 text-message relative flex w-full flex-col items-end gap-2 text-start break-words whitespace-normal [.text-message+&amp;]:mt-1\" dir=\"auto\" data-message-author-role=\"assistant\" data-message-id=\"a3640fe0-e4e1-45ad-905b-08ed465e6098\" data-message-model-slug=\"gpt-5-mini\">\n<div class=\"flex w-full flex-col gap-1 empty:hidden first:pt-[1px]\">\n<div class=\"markdown prose dark:prose-invert w-full break-words light markdown-new-styling\">\n<p data-start=\"51\" data-end=\"88\" data-is-last-node=\"\" data-is-only-node=\"\"><strong data-start=\"51\" data-end=\"86\">PRO REGISTRACI VYPL\u0147TE FORMUL\u00c1\u0158<\/strong> \u2705<\/p>\n<\/div>\n<\/div>\n<\/div>\n<\/div>\n<div class=\"z-0 flex min-h-[46px] justify-start\">\u00a0<\/div>\n<\/div>\n<\/div>\n<\/article>\n<p>\n\n\n\n<\/p>\n\n<div class=\"wpcf7 no-js\" id=\"wpcf7-f770-o1\" lang=\"cs-CZ\" dir=\"ltr\" data-wpcf7-id=\"770\">\n<div class=\"screen-reader-response\"><p role=\"status\" aria-live=\"polite\" aria-atomic=\"true\"><\/p> <ul><\/ul><\/div>\n<form action=\"\/studium\/aktualni-informace\/wp-json\/wp\/v2\/pages\/28#wpcf7-f770-o1\" method=\"post\" class=\"wpcf7-form init\" aria-label=\"Kontaktn\u00ed formul\u00e1\u0159\" novalidate=\"novalidate\" data-status=\"init\">\n<fieldset class=\"hidden-fields-container\"><input type=\"hidden\" name=\"_wpcf7\" value=\"770\" \/><input type=\"hidden\" name=\"_wpcf7_version\" value=\"6.1.5\" \/><input type=\"hidden\" name=\"_wpcf7_locale\" value=\"cs_CZ\" \/><input type=\"hidden\" name=\"_wpcf7_unit_tag\" value=\"wpcf7-f770-o1\" \/><input type=\"hidden\" name=\"_wpcf7_container_post\" value=\"0\" \/><input type=\"hidden\" name=\"_wpcf7_posted_data_hash\" value=\"\" \/>\n<\/fieldset>\n<p><label>Jm\u00e9no *<br \/>\n<span class=\"wpcf7-form-control-wrap\" data-name=\"first-name\"><input size=\"40\" maxlength=\"400\" class=\"wpcf7-form-control wpcf7-text wpcf7-validates-as-required\" autocomplete=\"name\" aria-required=\"true\" aria-invalid=\"false\" value=\"\" type=\"text\" name=\"first-name\" \/><\/span><br \/>\n<\/label>\n<\/p>\n<p><label>P\u0159\u00edjmen\u00ed *<br \/>\n<span class=\"wpcf7-form-control-wrap\" data-name=\"last-name\"><input size=\"40\" maxlength=\"400\" class=\"wpcf7-form-control wpcf7-text wpcf7-validates-as-required\" autocomplete=\"surname\" aria-required=\"true\" aria-invalid=\"false\" value=\"\" type=\"text\" name=\"last-name\" \/><\/span><br \/>\n<\/label>\n<\/p>\n<p><label>Datum narozen\u00ed *<br \/>\n<span class=\"wpcf7-form-control-wrap\" data-name=\"birthdate\"><input class=\"wpcf7-form-control wpcf7-date wpcf7-validates-as-required wpcf7-validates-as-date\" aria-required=\"true\" aria-invalid=\"false\" value=\"\" type=\"date\" name=\"birthdate\" \/><\/span><br \/>\n<\/label>\n<\/p>\n<p><label>PS\u010c *<br \/>\n<span class=\"wpcf7-form-control-wrap\" data-name=\"postal-code\"><input size=\"40\" maxlength=\"400\" class=\"wpcf7-form-control wpcf7-text wpcf7-validates-as-required\" aria-required=\"true\" aria-invalid=\"false\" value=\"\" type=\"text\" name=\"postal-code\" \/><\/span><br \/>\n<\/label>\n<\/p>\n<p><label>Email *<br \/>\n<span class=\"wpcf7-form-control-wrap\" data-name=\"email\"><input size=\"40\" maxlength=\"400\" class=\"wpcf7-form-control wpcf7-email wpcf7-validates-as-required wpcf7-text wpcf7-validates-as-email\" aria-required=\"true\" aria-invalid=\"false\" value=\"\" type=\"email\" name=\"email\" \/><\/span><br \/>\n<\/label>\n<\/p>\n<p><label>Telefon *<br \/>\n<span class=\"wpcf7-form-control-wrap\" data-name=\"phone\"><input size=\"40\" maxlength=\"400\" class=\"wpcf7-form-control wpcf7-tel wpcf7-validates-as-required wpcf7-text wpcf7-validates-as-tel\" aria-required=\"true\" aria-invalid=\"false\" value=\"\" type=\"tel\" name=\"phone\" \/><\/span><br \/>\n<\/label>\n<\/p>\n<p><label>Rodn\u00e9 \u010d\u00edslo<br \/>\n<span class=\"wpcf7-form-control-wrap\" data-name=\"rodne-cislo\"><input size=\"40\" maxlength=\"400\" class=\"wpcf7-form-control wpcf7-text\" aria-invalid=\"false\" value=\"\" type=\"text\" name=\"rodne-cislo\" \/><\/span><br \/>\n<\/label>\n<\/p>\n<p><label>M\u00edsto narozen\u00ed *<br \/>\n<span class=\"wpcf7-form-control-wrap\" data-name=\"place-of-birth\"><input size=\"40\" maxlength=\"400\" class=\"wpcf7-form-control wpcf7-text wpcf7-validates-as-required\" aria-required=\"true\" aria-invalid=\"false\" value=\"\" type=\"text\" name=\"place-of-birth\" \/><\/span><br \/>\n<\/label>\n<\/p>\n<p><label>N\u00e1rodnost *<br \/>\n<span class=\"wpcf7-form-control-wrap\" data-name=\"nationality\"><input size=\"40\" maxlength=\"400\" class=\"wpcf7-form-control wpcf7-text wpcf7-validates-as-required\" aria-required=\"true\" aria-invalid=\"false\" value=\"\" type=\"text\" name=\"nationality\" \/><\/span><br \/>\n<\/label>\n<\/p>\n<p><label>Okres *<br \/>\n<span class=\"wpcf7-form-control-wrap\" data-name=\"district\"><input size=\"40\" maxlength=\"400\" class=\"wpcf7-form-control wpcf7-text wpcf7-validates-as-required\" aria-required=\"true\" aria-invalid=\"false\" value=\"\" type=\"text\" name=\"district\" \/><\/span><br \/>\n<\/label>\n<\/p>\n<p><label>Adresa trval\u00e9ho pobytu*<br \/>\n<span class=\"wpcf7-form-control-wrap\" data-name=\"residence\"><input size=\"40\" maxlength=\"400\" class=\"wpcf7-form-control wpcf7-text wpcf7-validates-as-required\" aria-required=\"true\" aria-invalid=\"false\" value=\"\" type=\"text\" name=\"residence\" \/><\/span><br \/>\n<\/label>\n<\/p>\n<p><span class=\"wpcf7-form-control-wrap\" data-name=\"uroven\"><select class=\"wpcf7-form-control wpcf7-select wpcf7-validates-as-required\" aria-required=\"true\" aria-invalid=\"false\" name=\"uroven\"><option value=\"Zkou\u0161ka B2*\">Zkou\u0161ka B2*<\/option><\/select><\/span>\n<\/p>\n<p><label><br \/>\n<span class=\"wpcf7-form-control-wrap\" data-name=\"checkbox-460\"><span class=\"wpcf7-form-control wpcf7-checkbox wpcf7-validates-as-required\"><span class=\"wpcf7-list-item first last\"><label><input type=\"checkbox\" name=\"checkbox-460[]\" value=\"Souhlas\u00edm se stornovac\u00edmi podm\u00ednkami\" \/><span class=\"wpcf7-list-item-label\">Souhlas\u00edm se stornovac\u00edmi podm\u00ednkami<\/span><\/label><\/span><\/span><\/span><br \/>\nSezn\u00e1mil(a) jsem se s po\u017eadavky a popisem zkou\u0161ky a se <a href=\"https:\/\/academyelite.store\/zkousky\/stornovaci-podminky\/\" target=\"_blank\">stornovac\u00edmi podm\u00ednkami pro st\u00e1tn\u00ed jazykov\u00e9 zkou\u0161ky<\/a> *<br \/>\n<\/label>\n<\/p>\n<p><label><br \/>\n<span class=\"wpcf7-form-control-wrap\" data-name=\"checkbox-461\"><span class=\"wpcf7-form-control wpcf7-checkbox wpcf7-validates-as-required\"><span class=\"wpcf7-list-item first last\"><label><input type=\"checkbox\" name=\"checkbox-461[]\" value=\"Souhlas\u00edm se ze zpracov\u00e1n\u00edm osobn\u00edch \u00fadaj\u016f\" \/><span class=\"wpcf7-list-item-label\">Souhlas\u00edm se ze zpracov\u00e1n\u00edm osobn\u00edch \u00fadaj\u016f<\/span><\/label><\/span><\/span><\/span><br \/>\nSouhlas\u00edm se zpracov\u00e1n\u00edm osobn\u00edch \u00fadaj\u016f pouze pro pot\u0159eby jazykov\u00e9 \u0161koly. *<br \/>\n<\/label><br \/>\n<input class=\"wpcf7-form-control wpcf7-submit has-spinner\" type=\"submit\" value=\"Odeslat\" \/>\n<\/p><p style=\"display: none !important;\" class=\"akismet-fields-container\" data-prefix=\"_wpcf7_ak_\"><label>&#916;<textarea name=\"_wpcf7_ak_hp_textarea\" cols=\"45\" rows=\"8\" maxlength=\"100\"><\/textarea><\/label><input type=\"hidden\" id=\"ak_js_1\" name=\"_wpcf7_ak_js\" value=\"88\"\/><script>document.getElementById( \"ak_js_1\" ).setAttribute( \"value\", ( new Date() ).getTime() );<\/script><\/p><div class=\"wpcf7-response-output\" aria-hidden=\"true\"><\/div>\n<\/form>\n<\/div>\n\n<p>\n\n\n\n<\/p>\n<figure><img decoding=\"async\" src=\"https:\/\/www.academyelite.store\/wp-content\/uploads\/2025\/07\/DJI_0034-768x576-1.jpg\" alt=\"\" \/><\/figure>\n<p>\n\n\n\n<\/p>\n<p>\n\n\n\n<\/p>\n<p>\n<\/div><\/div>\n\n\n<\/div>\n<p><!-- \/wp:post-content --><\/p>\n<p><!-- wp:paragraph --><\/p>\n<p><!-- \/wp:paragraph --><\/p>","protected":false},"excerpt":{"rendered":"<p>Registrace \u2013 St\u00e1tn\u00ed jazykov\u00e1 zkou\u0161ka Z\u00c1KLADN\u00cd z \u010desk\u00e9ho jazyka (\u00farove\u0148 B2) Po \u00fasp\u011b\u0161n\u00e9m slo\u017een\u00ed zkou\u0161ky obdr\u017e\u00edte certifik\u00e1t, kter\u00fd: \u2705 je &hellip; <\/p>\n","protected":false},"author":1,"featured_media":0,"parent":0,"menu_order":3,"comment_status":"closed","ping_status":"closed","template":"","meta":{"_locale":"cs_CZ","_original_post":"https:\/\/www.academyelite.store\/?page_id=28","footnotes":""},"class_list":["post-28","page","type-page","status-publish","hentry","cs-CZ"],"aioseo_notices":[],"_links":{"self":[{"href":"https:\/\/www.academyelite.store\/studium\/aktualni-informace\/wp-json\/wp\/v2\/pages\/28","targetHints":{"allow":["GET"]}}],"collection":[{"href":"https:\/\/www.academyelite.store\/studium\/aktualni-informace\/wp-json\/wp\/v2\/pages"}],"about":[{"href":"https:\/\/www.academyelite.store\/studium\/aktualni-informace\/wp-json\/wp\/v2\/types\/page"}],"author":[{"embeddable":true,"href":"https:\/\/www.academyelite.store\/studium\/aktualni-informace\/wp-json\/wp\/v2\/users\/1"}],"replies":[{"embeddable":true,"href":"https:\/\/www.academyelite.store\/studium\/aktualni-informace\/wp-json\/wp\/v2\/comments?post=28"}],"version-history":[{"count":94,"href":"https:\/\/www.academyelite.store\/studium\/aktualni-informace\/wp-json\/wp\/v2\/pages\/28\/revisions"}],"predecessor-version":[{"id":884,"href":"https:\/\/www.academyelite.store\/studium\/aktualni-informace\/wp-json\/wp\/v2\/pages\/28\/revisions\/884"}],"wp:attachment":[{"href":"https:\/\/www.academyelite.store\/studium\/aktualni-informace\/wp-json\/wp\/v2\/media?parent=28"}],"curies":[{"name":"wp","href":"https:\/\/api.w.org\/{rel}","templated":true}]}}