{"id":336,"date":"2025-01-07T22:30:52","date_gmt":"2025-01-07T21:30:52","guid":{"rendered":"https:\/\/www.academyelite.store\/?page_id=336"},"modified":"2026-03-22T22:02:34","modified_gmt":"2026-03-22T21:02:34","slug":"a1beginners","status":"publish","type":"page","link":"https:\/\/www.academyelite.store\/studium\/aktualni-informace\/","title":{"rendered":"\u041a\u0443\u0440\u0441\u0438 \u0447\u0435\u0441\u044c\u043a\u043e\u0457 \u043c\u043e\u0432\u0438 \u04101 \u0434\u043b\u044f \u043f\u043e\u0447\u0430\u0442\u043a\u0456\u0432\u0446\u0456\u0432"},"content":{"rendered":"<p data-start=\"208\" data-end=\"269\">\ud83c\udde8\ud83c\uddff <strong data-start=\"213\" data-end=\"267\">\u041a\u0423\u0420\u0421 \u00ab\u0427\u0415\u0421\u042c\u041a\u0410 \u041c\u041e\u0412\u0410 \u2013 A1\u00bb\u00a0<\/strong><\/p>\n<p data-start=\"271\" data-end=\"502\">\u0425\u043e\u0447\u0435\u0442\u0435 \u0448\u0432\u0438\u0434\u043a\u043e \u0437\u0430\u0433\u043e\u0432\u043e\u0440\u0438\u0442\u0438 \u0447\u0435\u0441\u044c\u043a\u043e\u044e?<br data-start=\"304\" data-end=\"307\" \/>\u041f\u0440\u0438\u0445\u043e\u0434\u044c\u0442\u0435 \u043d\u0430 \u043d\u0430\u0448 \u0430\u043a\u0440\u0435\u0434\u0438\u0442\u043e\u0432\u0430\u043d\u0438\u0439 \u043a\u0443\u0440\u0441 \u0437 \u0447\u0435\u0441\u044c\u043a\u043e\u0457 \u043c\u043e\u0432\u0438 \u0432\u0456\u0434 <strong data-start=\"362\" data-end=\"376\">M\u0160MT \u0427\u0435\u0445\u0456\u0457<\/strong>! \u0412\u0430\u0441 \u043d\u0430\u0432\u0447\u0430\u0442\u0438\u043c\u0443\u0442\u044c \u0434\u043e\u0441\u0432\u0456\u0434\u0447\u0435\u043d\u0456 \u0432\u0438\u043a\u043b\u0430\u0434\u0430\u0447\u0456 \u0437 \u0431\u0430\u0433\u0430\u0442\u043e\u0440\u0456\u0447\u043d\u0438\u043c \u0441\u0442\u0430\u0436\u0435\u043c.<\/p>\n<!-- \/wp:post-content -->\n\n<!-- wp:paragraph -->\n<figure>\n<figure><img decoding=\"async\" src=\"https:\/\/www.academyelite.store\/wp-content\/uploads\/2025\/03\/undefined_image-1024x768.jpg\" alt=\"\" \/><\/figure>\n<\/figure>\n<!-- \/wp:paragraph -->\n\n<!-- \/wp:list -->\n\n<!-- wp:contact-form-7\/contact-form-selector {\"id\":578,\"hash\":\"9508126\",\"title\":\"Kontaktn\u00ed formul\u00e1\u0159 \u00farove\u0148 A1\"} -->\n<p data-start=\"504\" data-end=\"777\">\u2728 <strong data-start=\"506\" data-end=\"532\">\u0427\u043e\u043c\u0443 \u0432\u0430\u0440\u0442\u043e \u043e\u0431\u0440\u0430\u0442\u0438 \u043d\u0430\u0441:<\/strong><br data-start=\"532\" data-end=\"535\" \/>\u2705 \u041a\u0443\u0440\u0441 \u0437 \u043e\u0444\u0456\u0446\u0456\u0439\u043d\u043e\u044e \u0430\u043a\u0440\u0435\u0434\u0438\u0442\u0430\u0446\u0456\u0454\u044e M\u0160MT<br data-start=\"571\" data-end=\"574\" \/>\u2705 \u0414\u043e\u0441\u0432\u0456\u0434\u0447\u0435\u043d\u0456 \u0432\u0438\u043a\u043b\u0430\u0434\u0430\u0447\u0456 + \u043f\u0440\u0430\u043a\u0442\u0438\u0447\u043d\u0438\u0439 \u043f\u0456\u0434\u0445\u0456\u0434<br data-start=\"616\" data-end=\"619\" \/>\u2705 \u041e\u043d\u043b\u0430\u0439\u043d \u0430\u0431\u043e \u043e\u0447\u043d\u043e \u2013 \u044f\u043a \u0432\u0430\u043c \u0437\u0440\u0443\u0447\u043d\u043e<br data-start=\"652\" data-end=\"655\" \/>\u2705 \u041f\u043e\u0432\u043d\u0430 \u0434\u043e\u043f\u043e\u043c\u043e\u0433\u0430 \u0437 \u043e\u0444\u043e\u0440\u043c\u043b\u0435\u043d\u043d\u044f\u043c \u0434\u043e\u043a\u0443\u043c\u0435\u043d\u0442\u0456\u0432 (\u043d\u0430\u0432\u0456\u0442\u044c \u0434\u0438\u0441\u0442\u0430\u043d\u0446\u0456\u0439\u043d\u043e)<\/p>\n<p data-start=\"779\" data-end=\"902\">\ud83d\udccd <strong data-start=\"782\" data-end=\"789\">\u0414\u0435:<\/strong> \u041f\u0440\u0430\u0433\u0430, \u041c\u043e\u0441\u0442 offline + online<br data-start=\"810\" data-end=\"813\" \/>\ud83d\udcc5 <strong data-start=\"816\" data-end=\"826\">\u0421\u0442\u0430\u0440\u0442: 1.4.2026, 6.4.2026, 13.4.2026, 23.04.2026, 1.5.2026, 11.05.2026, 25.5.2026, 1.6.2026<\/strong><br data-start=\"876\" data-end=\"879\" \/>\u23f0 <strong data-start=\"881\" data-end=\"900\">\u0424\u043e\u0440\u043c\u0430\u0442\u0438 \u0437\u0430\u043d\u044f\u0442\u044c:<\/strong><\/p>\n\n<ul data-start=\"903\" data-end=\"956\">\n \t<li data-start=\"903\" data-end=\"920\">\n<p data-start=\"905\" data-end=\"920\">2\u00d7 \u043d\u0430 \u0442\u0438\u0436\u0434\u0435\u043d\u044c<\/p>\n<\/li>\n \t<li data-start=\"921\" data-end=\"938\">\n<p data-start=\"923\" data-end=\"938\">3\u00d7 \u043d\u0430 \u0442\u0438\u0436\u0434\u0435\u043d\u044c<\/p>\n<\/li>\n<\/ul>\n<p data-start=\"958\" data-end=\"992\">\ud83d\udca1 <strong data-start=\"961\" data-end=\"990\">\u0429\u043e \u0432\u0438 \u043e\u0442\u0440\u0438\u043c\u0430\u0454\u0442\u0435 \u043d\u0430 \u043a\u0443\u0440\u0441\u0456:<\/strong><\/p>\n\n<ul data-start=\"993\" data-end=\"1222\">\n \t<li data-start=\"993\" data-end=\"1032\">\n<p data-start=\"995\" data-end=\"1032\">\u041e\u0441\u043d\u043e\u0432\u0438 \u0433\u0440\u0430\u043c\u0430\u0442\u0438\u043a\u0438 \u0442\u0430 \u043f\u043e\u0431\u0443\u0434\u043e\u0432\u0438 \u0440\u0435\u0447\u0435\u043d\u044c<\/p>\n<\/li>\n \t<li data-start=\"1033\" data-end=\"1104\">\n<p data-start=\"1035\" data-end=\"1104\">\u0421\u043b\u043e\u0432\u043d\u0438\u043a\u043e\u0432\u0438\u0439 \u0437\u0430\u043f\u0430\u0441 \u0434\u043b\u044f \u0436\u0438\u0442\u0442\u044f (\u043c\u0430\u0433\u0430\u0437\u0438\u043d, \u043b\u0456\u043a\u0430\u0440, \u043e\u0444\u0456\u0441, \u0441\u0456\u043c\u2019\u044f, \u0434\u043e\u0437\u0432\u0456\u043b\u043b\u044f)<\/p>\n<\/li>\n \t<li data-start=\"1105\" data-end=\"1147\">\n<p data-start=\"1107\" data-end=\"1147\">\u0420\u043e\u0437\u043c\u043e\u0432\u043d\u0430 \u043f\u0440\u0430\u043a\u0442\u0438\u043a\u0430 \u0443 \u0440\u0435\u0430\u043b\u044c\u043d\u0438\u0445 \u0441\u0438\u0442\u0443\u0430\u0446\u0456\u044f\u0445<\/p>\n<\/li>\n \t<li data-start=\"1148\" data-end=\"1188\">\n<p data-start=\"1150\" data-end=\"1188\">\u0412\u043c\u0456\u043d\u043d\u044f \u043f\u0438\u0441\u0430\u0442\u0438 \u043f\u0440\u043e\u0441\u0442\u0456 \u0442\u0435\u043a\u0441\u0442\u0438 \u0442\u0430 \u043b\u0438\u0441\u0442\u0438<\/p>\n<\/li>\n \t<li data-start=\"1189\" data-end=\"1222\">\n<p data-start=\"1191\" data-end=\"1222\">\u041f\u0456\u0434\u0433\u043e\u0442\u043e\u0432\u043a\u0430 \u0434\u043e \u0440\u0456\u0432\u043d\u044f \u04102 \u0456 \u0432\u0438\u0449\u0435<\/p>\n<\/li>\n<\/ul>\n<p data-start=\"1224\" data-end=\"1244\">\ud83c\udfaf <strong data-start=\"1227\" data-end=\"1242\">\u041c\u0435\u0442\u0430 \u043a\u0443\u0440\u0441\u0443:<\/strong><\/p>\n\n<ul data-start=\"1245\" data-end=\"1403\">\n \t<li data-start=\"1245\" data-end=\"1302\">\n<p data-start=\"1247\" data-end=\"1302\">\u0420\u0456\u0432\u0435\u043d\u044c \u0447\u0435\u0441\u044c\u043a\u043e\u0457 <strong data-start=\"1262\" data-end=\"1268\">\u04101<\/strong> \u0437\u0430 \u0454\u0432\u0440\u043e\u043f\u0435\u0439\u0441\u044c\u043a\u043e\u044e \u0441\u0438\u0441\u0442\u0435\u043c\u043e\u044e (CEFR)<\/p>\n<\/li>\n \t<li data-start=\"1303\" data-end=\"1349\">\n<p data-start=\"1305\" data-end=\"1349\">\u0412\u043f\u0435\u0432\u043d\u0435\u043d\u0435 \u0441\u043f\u0456\u043b\u043a\u0443\u0432\u0430\u043d\u043d\u044f \u0443 \u043f\u043e\u0432\u0441\u044f\u043a\u0434\u0435\u043d\u043d\u043e\u043c\u0443 \u0436\u0438\u0442\u0442\u0456<\/p>\n<\/li>\n \t<li data-start=\"1350\" data-end=\"1403\">\n<p data-start=\"1352\" data-end=\"1403\">\u0406\u043d\u0442\u0435\u0433\u0440\u0430\u0446\u0456\u044f \u0443 \u0440\u043e\u0431\u043e\u0447\u0435 \u0442\u0430 \u0441\u043e\u0446\u0456\u0430\u043b\u044c\u043d\u0435 \u0441\u0435\u0440\u0435\u0434\u043e\u0432\u0438\u0449\u0435 \u0427\u0435\u0445\u0456\u0457<\/p>\n<\/li>\n<\/ul>\n<p data-start=\"1405\" data-end=\"1428\">\ud83d\udcdc <strong data-start=\"1408\" data-end=\"1426\">\u041f\u043e \u0437\u0430\u0432\u0435\u0440\u0448\u0435\u043d\u043d\u0456:<\/strong><\/p>\n\n<ul data-start=\"1429\" data-end=\"1478\">\n \t<li data-start=\"1429\" data-end=\"1453\">\n<p data-start=\"1431\" data-end=\"1453\">\u0424\u0456\u043d\u0430\u043b\u044c\u043d\u0438\u0439 \u0442\u0435\u0441\u0442\/\u0456\u0441\u043f\u0438\u0442<\/p>\n<\/li>\n \t<li data-start=\"1454\" data-end=\"1478\">\n<p data-start=\"1456\" data-end=\"1478\">\u041e\u0444\u0456\u0446\u0456\u0439\u043d\u0438\u0439 \u0441\u0435\u0440\u0442\u0438\u0444\u0456\u043a\u0430\u0442<\/p>\n<\/li>\n<\/ul>\n<p data-start=\"1480\" data-end=\"1528\">\u231b <strong data-start=\"1482\" data-end=\"1497\">\u0422\u0440\u0438\u0432\u0430\u043b\u0456\u0441\u0442\u044c:<\/strong> 61 \u0433\u043e\u0434\u0438\u043d\u0430<br data-start=\"1507\" data-end=\"1510\" \/><strong>\ud83d\udcb0 \u0412\u0430\u0440\u0442\u0456\u0441\u0442\u044c: 8.500 K\u010d, <\/strong>\u0434\u043b\u044f \u0441\u0442\u0443\u0434\u0435\u043d\u0442\u0456\u0432, \u044f\u043a\u0456 \u0437\u0430\u0440\u0435\u0454\u0441\u0442\u0440\u0443\u044e\u0442\u044c\u0441\u044f \u0434\u043e 15.04.2026, <strong>\u0446\u0456\u043d\u0430 \u2014 6500 \u043a\u0440\u043e\u043d.<\/strong><\/p>\n\n<div class=\"wpcf7 no-js\" id=\"wpcf7-f578-o1\" lang=\"cs-CZ\" dir=\"ltr\" data-wpcf7-id=\"578\">\n<div class=\"screen-reader-response\"><p role=\"status\" aria-live=\"polite\" aria-atomic=\"true\"><\/p> <ul><\/ul><\/div>\n<form action=\"\/studium\/aktualni-informace\/wp-json\/wp\/v2\/pages\/336#wpcf7-f578-o1\" method=\"post\" class=\"wpcf7-form init\" aria-label=\"Kontaktn\u00ed formul\u00e1\u0159\" novalidate=\"novalidate\" data-status=\"init\">\n<fieldset class=\"hidden-fields-container\"><input type=\"hidden\" name=\"_wpcf7\" value=\"578\" \/><input type=\"hidden\" name=\"_wpcf7_version\" value=\"6.1.5\" \/><input type=\"hidden\" name=\"_wpcf7_locale\" value=\"cs_CZ\" \/><input type=\"hidden\" name=\"_wpcf7_unit_tag\" value=\"wpcf7-f578-o1\" \/><input type=\"hidden\" name=\"_wpcf7_container_post\" value=\"0\" \/><input type=\"hidden\" name=\"_wpcf7_posted_data_hash\" value=\"\" \/>\n<\/fieldset>\n<p><label>Jm\u00e9no *<br \/>\n<span class=\"wpcf7-form-control-wrap\" data-name=\"first-name\"><input size=\"40\" maxlength=\"400\" class=\"wpcf7-form-control wpcf7-text wpcf7-validates-as-required\" autocomplete=\"name\" aria-required=\"true\" aria-invalid=\"false\" value=\"\" type=\"text\" name=\"first-name\" \/><\/span><br \/>\n<\/label>\n<\/p>\n<p><label>P\u0159\u00edjmen\u00ed *<br \/>\n<span class=\"wpcf7-form-control-wrap\" data-name=\"last-name\"><input size=\"40\" maxlength=\"400\" class=\"wpcf7-form-control wpcf7-text wpcf7-validates-as-required\" autocomplete=\"surname\" aria-required=\"true\" aria-invalid=\"false\" value=\"\" type=\"text\" name=\"last-name\" \/><\/span><br \/>\n<\/label>\n<\/p>\n<p><label>Datum narozen\u00ed *<br \/>\n<span class=\"wpcf7-form-control-wrap\" data-name=\"birthdate\"><input class=\"wpcf7-form-control wpcf7-date wpcf7-validates-as-required wpcf7-validates-as-date\" aria-required=\"true\" aria-invalid=\"false\" value=\"\" type=\"date\" name=\"birthdate\" \/><\/span><br \/>\n<\/label>\n<\/p>\n<p><label>PS\u010c *<br \/>\n<span class=\"wpcf7-form-control-wrap\" data-name=\"postal-code\"><input size=\"40\" maxlength=\"400\" class=\"wpcf7-form-control wpcf7-text wpcf7-validates-as-required\" aria-required=\"true\" aria-invalid=\"false\" value=\"\" type=\"text\" name=\"postal-code\" \/><\/span><br \/>\n<\/label>\n<\/p>\n<p><label>Email *<br \/>\n<span class=\"wpcf7-form-control-wrap\" data-name=\"email\"><input size=\"40\" maxlength=\"400\" class=\"wpcf7-form-control wpcf7-email wpcf7-validates-as-required wpcf7-text wpcf7-validates-as-email\" aria-required=\"true\" aria-invalid=\"false\" value=\"\" type=\"email\" name=\"email\" \/><\/span><br \/>\n<\/label>\n<\/p>\n<p><label>Telefon *<br \/>\n<span class=\"wpcf7-form-control-wrap\" data-name=\"phone\"><input size=\"40\" maxlength=\"400\" class=\"wpcf7-form-control wpcf7-tel wpcf7-validates-as-required wpcf7-text wpcf7-validates-as-tel\" aria-required=\"true\" aria-invalid=\"false\" value=\"Vlo\u017ete v\u00e1\u0161 telefon\" type=\"tel\" name=\"phone\" \/><\/span><br \/>\n<\/label>\n<\/p>\n<p><label>Rodn\u00e9 \u010d\u00edslo<br \/>\n<span class=\"wpcf7-form-control-wrap\" data-name=\"rodne-cislo\"><input size=\"40\" maxlength=\"400\" class=\"wpcf7-form-control wpcf7-text\" aria-invalid=\"false\" value=\"\" type=\"text\" name=\"rodne-cislo\" \/><\/span><br \/>\n<\/label>\n<\/p>\n<p><label>M\u00edsto narozen\u00ed *<br \/>\n<span class=\"wpcf7-form-control-wrap\" data-name=\"place-of-birth\"><input size=\"40\" maxlength=\"400\" class=\"wpcf7-form-control wpcf7-text wpcf7-validates-as-required\" aria-required=\"true\" aria-invalid=\"false\" value=\"\" type=\"text\" name=\"place-of-birth\" \/><\/span><br \/>\n<\/label>\n<\/p>\n<p><label>Okres *<br \/>\n<span class=\"wpcf7-form-control-wrap\" data-name=\"district\"><input size=\"40\" maxlength=\"400\" class=\"wpcf7-form-control wpcf7-text wpcf7-validates-as-required\" aria-required=\"true\" aria-invalid=\"false\" value=\"\" type=\"text\" name=\"district\" \/><\/span><br \/>\n<\/label>\n<\/p>\n<p><label>N\u00e1rodnost *<br \/>\n<span class=\"wpcf7-form-control-wrap\" data-name=\"nationality\"><input size=\"40\" maxlength=\"400\" class=\"wpcf7-form-control wpcf7-text wpcf7-validates-as-required\" aria-required=\"true\" aria-invalid=\"false\" value=\"\" type=\"text\" name=\"nationality\" \/><\/span><br \/>\n<\/label>\n<\/p>\n<p><label>Bydli\u0161t\u011b *<br \/>\n<span class=\"wpcf7-form-control-wrap\" data-name=\"residence\"><input size=\"40\" maxlength=\"400\" class=\"wpcf7-form-control wpcf7-text wpcf7-validates-as-required\" aria-required=\"true\" aria-invalid=\"false\" value=\"\" type=\"text\" name=\"residence\" \/><\/span><br \/>\n<\/label>\n<\/p>\n<p><label>Titul<br \/>\n<span class=\"wpcf7-form-control-wrap\" data-name=\"title\"><input size=\"40\" maxlength=\"400\" class=\"wpcf7-form-control wpcf7-text\" aria-invalid=\"false\" value=\"\" type=\"text\" name=\"title\" \/><\/span><br \/>\n<\/label><br \/>\n<span class=\"wpcf7-form-control-wrap\" data-name=\"uroven\"><select class=\"wpcf7-form-control wpcf7-select wpcf7-validates-as-required\" aria-required=\"true\" aria-invalid=\"false\" name=\"uroven\"><option value=\"Rekvalifikace A1*\">Rekvalifikace A1*<\/option><option value=\"Rekvalifikace A2*\">Rekvalifikace A2*<\/option><option value=\"Rekvalifikace B1*\">Rekvalifikace B1*<\/option><\/select><\/span>\n<\/p>\n<p><label><br \/>\n<span class=\"wpcf7-form-control-wrap\" data-name=\"checkbox-461\"><span class=\"wpcf7-form-control wpcf7-checkbox wpcf7-validates-as-required\"><span class=\"wpcf7-list-item first last\"><label><input type=\"checkbox\" name=\"checkbox-461[]\" value=\"Souhlas\u00edm se ze zpracov\u00e1n\u00edm osobn\u00edch \u00fadaj\u016f\" \/><span class=\"wpcf7-list-item-label\">Souhlas\u00edm se ze zpracov\u00e1n\u00edm osobn\u00edch \u00fadaj\u016f<\/span><\/label><\/span><\/span><\/span><br \/>\nSouhlas\u00edm se zpracov\u00e1n\u00edm osobn\u00edch \u00fadaj\u016f pouze pro pot\u0159eby jazykov\u00e9 \u0161koly. *<br \/>\n<\/label><br \/>\n<label><br \/>\n<span class=\"wpcf7-form-control-wrap\" data-name=\"checkbox-461\"><span class=\"wpcf7-form-control wpcf7-checkbox wpcf7-validates-as-required\"><span class=\"wpcf7-list-item first last\"><label><input type=\"checkbox\" name=\"checkbox-461[]\" value=\"Prohl\u00e1\u0161en\u00ed \u00fa\u010dastn\u00edka:\" \/><span class=\"wpcf7-list-item-label\">Prohl\u00e1\u0161en\u00ed \u00fa\u010dastn\u00edka:<\/span><\/label><\/span><\/span><\/span><br \/>\nProhla\u0161uji, \u017ee v\u0161echny uveden\u00e9 \u00fadaje jsou pravdiv\u00e9 a zavazuji se k dodr\u017eov\u00e1n\u00ed pravidel kurzu*<br \/>\n<\/label><br \/>\n<input class=\"wpcf7-form-control wpcf7-submit has-spinner\" type=\"submit\" value=\"Odeslat\" \/>\n<\/p><p style=\"display: none !important;\" class=\"akismet-fields-container\" data-prefix=\"_wpcf7_ak_\"><label>&#916;<textarea name=\"_wpcf7_ak_hp_textarea\" cols=\"45\" rows=\"8\" maxlength=\"100\"><\/textarea><\/label><input type=\"hidden\" id=\"ak_js_1\" name=\"_wpcf7_ak_js\" value=\"126\"\/><script>document.getElementById( \"ak_js_1\" ).setAttribute( \"value\", ( new Date() ).getTime() );<\/script><\/p><div class=\"wpcf7-response-output\" aria-hidden=\"true\"><\/div>\n<\/form>\n<\/div>\n\n\n<!-- \/wp:contact-form-7\/contact-form-selector -->\n\n<!-- wp:paragraph -->\n\n<!-- \/wp:paragraph -->\n\n<!-- wp:paragraph -->\n\n<!-- \/wp:paragraph -->\n\n<!-- wp:paragraph -->\n\n<!-- \/wp:paragraph -->","protected":false},"excerpt":{"rendered":"<p>\ud83c\udde8\ud83c\uddff \u041a\u0423\u0420\u0421 \u00ab\u0427\u0415\u0421\u042c\u041a\u0410 \u041c\u041e\u0412\u0410 \u2013 A1\u00bb\u00a0 \u0425\u043e\u0447\u0435\u0442\u0435 \u0448\u0432\u0438\u0434\u043a\u043e \u0437\u0430\u0433\u043e\u0432\u043e\u0440\u0438\u0442\u0438 \u0447\u0435\u0441\u044c\u043a\u043e\u044e?\u041f\u0440\u0438\u0445\u043e\u0434\u044c\u0442\u0435 \u043d\u0430 \u043d\u0430\u0448 \u0430\u043a\u0440\u0435\u0434\u0438\u0442\u043e\u0432\u0430\u043d\u0438\u0439 \u043a\u0443\u0440\u0441 \u0437 \u0447\u0435\u0441\u044c\u043a\u043e\u0457 \u043c\u043e\u0432\u0438 \u0432\u0456\u0434 M\u0160MT \u0427\u0435\u0445\u0456\u0457! &hellip; <\/p>\n","protected":false},"author":1,"featured_media":0,"parent":0,"menu_order":1,"comment_status":"closed","ping_status":"closed","template":"","meta":{"_locale":"cs_CZ","_original_post":"https:\/\/www.academyelite.store\/?page_id=336","footnotes":""},"class_list":["post-336","page","type-page","status-publish","hentry","cs-CZ"],"aioseo_notices":[],"_links":{"self":[{"href":"https:\/\/www.academyelite.store\/studium\/aktualni-informace\/wp-json\/wp\/v2\/pages\/336","targetHints":{"allow":["GET"]}}],"collection":[{"href":"https:\/\/www.academyelite.store\/studium\/aktualni-informace\/wp-json\/wp\/v2\/pages"}],"about":[{"href":"https:\/\/www.academyelite.store\/studium\/aktualni-informace\/wp-json\/wp\/v2\/types\/page"}],"author":[{"embeddable":true,"href":"https:\/\/www.academyelite.store\/studium\/aktualni-informace\/wp-json\/wp\/v2\/users\/1"}],"replies":[{"embeddable":true,"href":"https:\/\/www.academyelite.store\/studium\/aktualni-informace\/wp-json\/wp\/v2\/comments?post=336"}],"version-history":[{"count":48,"href":"https:\/\/www.academyelite.store\/studium\/aktualni-informace\/wp-json\/wp\/v2\/pages\/336\/revisions"}],"predecessor-version":[{"id":858,"href":"https:\/\/www.academyelite.store\/studium\/aktualni-informace\/wp-json\/wp\/v2\/pages\/336\/revisions\/858"}],"wp:attachment":[{"href":"https:\/\/www.academyelite.store\/studium\/aktualni-informace\/wp-json\/wp\/v2\/media?parent=336"}],"curies":[{"name":"wp","href":"https:\/\/api.w.org\/{rel}","templated":true}]}}