{"id":505,"date":"2025-04-11T21:46:59","date_gmt":"2025-04-11T20:46:59","guid":{"rendered":"https:\/\/www.academyelite.store\/?page_id=505"},"modified":"2025-04-11T22:13:27","modified_gmt":"2025-04-11T21:13:27","slug":"stornovaci-podminky","status":"publish","type":"page","link":"https:\/\/www.academyelite.store\/studium\/aktualni-informace\/zkousky\/stornovaci-podminky\/","title":{"rendered":"Stornovac\u00ed podm\u00ednky pro st\u00e1tn\u00ed jazykov\u00e9 zkou\u0161ky"},"content":{"rendered":"\n<p>Upozorn\u011bn\u00ed kandid\u00e1t\u016fm st\u00e1tn\u00edch jazykov\u00fdch zkou\u0161ek a stornovac\u00ed podm\u00ednky pro st\u00e1tn\u00ed jazykov\u00e9 zkou\u0161ky:<\/p>\n\n\n\n<p>Po pod\u00e1n\u00ed p\u0159ihl\u00e1\u0161ky ji\u017e nelze m\u011bnit stupe\u0148 po\u017eadovan\u00e9 zkou\u0161ky (v\u0161eobecn\u00e1 za z\u00e1kladn\u00ed a naopak).<\/p>\n\n\n\n<ol class=\"wp-block-list\">\n<li>Jestli\u017ee kandid\u00e1t p\u00edsemn\u011b zru\u0161\u00ed p\u0159ihl\u00e1\u0161ku nejpozd\u011bji 14 dn\u016f p\u0159ed stanoven\u00fdm term\u00ednem zkou\u0161ky, bude mu vr\u00e1cena zaplacen\u00e1 \u010d\u00e1stka po ode\u010dten\u00ed manipula\u010dn\u00edho poplatku 500,- K\u010d.<\/li>\n\n\n\n<li>Za opakov\u00e1n\u00ed \u00fastn\u00ed \u010d\u00e1sti SJZ z\u00e1kladn\u00ed je poplatek 500,- K\u010d.<\/li>\n\n\n\n<li>Odhl\u00e1s\u00ed-li se kandid\u00e1t pozd\u011bji, zaplacen\u00e1 \u010d\u00e1stka se mu nevrac\u00ed. <\/li>\n\n\n\n<li>Za p\u0159elo\u017een\u00ed \u00fastn\u00ed \u010d\u00e1sti SJZ na dal\u0161\u00ed term\u00edn kon\u00e1n\u00ed SJZ je poplatek 500,- K\u010d.<\/li>\n\n\n\n<li>Za p\u0159elo\u017een\u00ed podan\u00e9 p\u0159ihl\u00e1\u0161ky na dal\u0161\u00ed kalend\u00e1\u0159n\u00ed rok (formou p\u00edsemn\u00e9 \u017e\u00e1dosti) je poplatek 1000,- K\u010d.<\/li>\n\n\n\n<li>Za p\u0159elo\u017een\u00ed nevyhovuj\u00edc\u00edho term\u00ednu \u00fastn\u00ed \u010d\u00e1sti SJZ na nejbli\u017e\u0161\u00ed mo\u017en\u00fd term\u00edn v prob\u00edhaj\u00edc\u00edm obdob\u00ed (pokud je\u00a0to organiza\u010dn\u011b mo\u017en\u00e9)\u00a0je poplatek 500,- K\u010d.<\/li>\n<\/ol>\n","protected":false},"excerpt":{"rendered":"<p>Upozorn\u011bn\u00ed kandid\u00e1t\u016fm st\u00e1tn\u00edch jazykov\u00fdch zkou\u0161ek a stornovac\u00ed podm\u00ednky pro st\u00e1tn\u00ed jazykov\u00e9 zkou\u0161ky: Po pod\u00e1n\u00ed p\u0159ihl\u00e1\u0161ky ji\u017e nelze m\u011bnit stupe\u0148 po\u017eadovan\u00e9 &hellip; <\/p>\n","protected":false},"author":1,"featured_media":0,"parent":137,"menu_order":0,"comment_status":"closed","ping_status":"closed","template":"","meta":{"_locale":"cs_CZ","_original_post":"https:\/\/www.academyelite.store\/?page_id=505","footnotes":""},"class_list":["post-505","page","type-page","status-publish","hentry","cs-CZ"],"aioseo_notices":[],"_links":{"self":[{"href":"https:\/\/www.academyelite.store\/studium\/aktualni-informace\/wp-json\/wp\/v2\/pages\/505","targetHints":{"allow":["GET"]}}],"collection":[{"href":"https:\/\/www.academyelite.store\/studium\/aktualni-informace\/wp-json\/wp\/v2\/pages"}],"about":[{"href":"https:\/\/www.academyelite.store\/studium\/aktualni-informace\/wp-json\/wp\/v2\/types\/page"}],"author":[{"embeddable":true,"href":"https:\/\/www.academyelite.store\/studium\/aktualni-informace\/wp-json\/wp\/v2\/users\/1"}],"replies":[{"embeddable":true,"href":"https:\/\/www.academyelite.store\/studium\/aktualni-informace\/wp-json\/wp\/v2\/comments?post=505"}],"version-history":[{"count":3,"href":"https:\/\/www.academyelite.store\/studium\/aktualni-informace\/wp-json\/wp\/v2\/pages\/505\/revisions"}],"predecessor-version":[{"id":509,"href":"https:\/\/www.academyelite.store\/studium\/aktualni-informace\/wp-json\/wp\/v2\/pages\/505\/revisions\/509"}],"up":[{"embeddable":true,"href":"https:\/\/www.academyelite.store\/studium\/aktualni-informace\/wp-json\/wp\/v2\/pages\/137"}],"wp:attachment":[{"href":"https:\/\/www.academyelite.store\/studium\/aktualni-informace\/wp-json\/wp\/v2\/media?parent=505"}],"curies":[{"name":"wp","href":"https:\/\/api.w.org\/{rel}","templated":true}]}}