{"id":517,"date":"2025-04-17T17:53:30","date_gmt":"2025-04-17T16:53:30","guid":{"rendered":"https:\/\/www.academyelite.store\/?page_id=517"},"modified":"2026-03-22T21:57:06","modified_gmt":"2026-03-22T20:57:06","slug":"a2beginners","status":"publish","type":"page","link":"https:\/\/www.academyelite.store\/studium\/aktualni-informace\/a2beginners\/","title":{"rendered":"\u0411\u0435\u0437\u043a\u043e\u0448\u0442\u043e\u0432\u043d\u0456 \u043a\u0443\u0440\u0441\u0438 \u0447\u0435\u0441\u044c\u043a\u043e\u0457 \u043c\u043e\u0432\u0438 A2"},"content":{"rendered":"\n<p><strong><mark style=\"background-color:rgba(0, 0, 0, 0)\" class=\"has-inline-color has-vivid-red-color\">\u041a\u0423\u0420\u0421 \u00ab\u0427\u0415\u0421\u042c\u041a\u0410 \u041c\u041e\u0412\u0410 \u2013 \u04102\u00bb \u0411\u0415\u0417\u041a\u041e\u0428\u0422\u041e\u0412\u041d\u041e!!!<\/mark><\/strong><\/p>\n\n\n\n<h3 class=\"wp-block-heading\">\ud83c\udde8\ud83c\uddff <strong>\u041a\u0423\u0420\u0421 \u00ab\u0427\u0415\u0421\u042c\u041a\u0410 \u041c\u041e\u0412\u0410 \u2013 \u04102\u00bb \u2013 \u0411\u0415\u0417\u041a\u041e\u0428\u0422\u041e\u0412\u041d\u041e!<\/strong><\/h3>\n\n\n\n<p>\ud83d\udcac \u0412\u0438\u0432\u0447\u0430\u0439\u0442\u0435 \u0447\u0435\u0441\u044c\u043a\u0443 \u043b\u0435\u0433\u043a\u043e \u0442\u0430 \u0435\u0444\u0435\u043a\u0442\u0438\u0432\u043d\u043e \u0440\u0430\u0437\u043e\u043c \u0437 \u043d\u0430\u043c\u0438!<br>\u0417\u0430\u043f\u0440\u043e\u0448\u0443\u0454\u043c\u043e \u043d\u0430 \u0430\u043a\u0440\u0435\u0434\u0438\u0442\u043e\u0432\u0430\u043d\u0438\u0439 \u043a\u0443\u0440\u0441 \u0447\u0435\u0441\u044c\u043a\u043e\u0457 \u043c\u043e\u0432\u0438 \u0440\u0456\u0432\u043d\u044f \u04102 (\u041c\u0456\u043d\u0456\u0441\u0442\u0435\u0440\u0441\u0442\u0432\u043e \u043e\u0441\u0432\u0456\u0442\u0438, \u043c\u043e\u043b\u043e\u0434\u0456 \u0442\u0430 \u0441\u043f\u043e\u0440\u0442\u0443 \u0427\u0435\u0445\u0456\u0457 \u2013 M\u0160MT). \u041d\u0430\u0448\u0456 \u0432\u0438\u043a\u043b\u0430\u0434\u0430\u0447\u0456 \u2013 \u0434\u043e\u0441\u0432\u0456\u0434\u0447\u0435\u043d\u0456 \u043f\u0440\u043e\u0444\u0435\u0441\u0456\u043e\u043d\u0430\u043b\u0438 \u0437 \u0431\u0430\u0433\u0430\u0442\u043e\u0440\u0456\u0447\u043d\u0438\u043c \u0434\u043e\u0441\u0432\u0456\u0434\u043e\u043c \u0440\u043e\u0431\u043e\u0442\u0438 \u0437 \u0456\u043d\u043e\u0437\u0435\u043c\u0446\u044f\u043c\u0438.<\/p>\n\n\n\n<p><strong>A2 \u2013 \u0434\u043b\u044f \u0447\u043e\u0433\u043e \u043f\u043e\u0442\u0440\u0456\u0431\u0435\u043d \u0446\u0435\u0439 \u0440\u0456\u0432\u0435\u043d\u044c \u0447\u0435\u0441\u044c\u043a\u043e\u0457 \u043c\u043e\u0432\u0438?<\/strong><\/p>\n\n\n\n<p>\u0420\u0456\u0432\u0435\u043d\u044c A2 \u0432\u0430\u0436\u043b\u0438\u0432\u0438\u0439 \u0434\u043b\u044f \u0449\u043e\u0434\u0435\u043d\u043d\u043e\u0433\u043e \u0441\u043f\u0456\u043b\u043a\u0443\u0432\u0430\u043d\u043d\u044f \u2013 \u043d\u0430 \u0440\u043e\u0431\u043e\u0442\u0456, \u0432 \u0434\u0435\u0440\u0436\u0430\u0432\u043d\u0438\u0445 \u0443\u0441\u0442\u0430\u043d\u043e\u0432\u0430\u0445 \u0456 \u0432 \u043f\u043e\u0432\u0441\u044f\u043a\u0434\u0435\u043d\u043d\u043e\u043c\u0443 \u0436\u0438\u0442\u0442\u0456. \u0412\u0456\u043d \u0434\u043e\u043f\u043e\u043c\u0430\u0433\u0430\u0454 \u043a\u0440\u0430\u0449\u0435 \u0456\u043d\u0442\u0435\u0433\u0440\u0443\u0432\u0430\u0442\u0438\u0441\u044f \u0432 \u0441\u0443\u0441\u043f\u0456\u043b\u044c\u0441\u0442\u0432\u043e \u0442\u0430 \u043f\u0456\u0434\u0432\u0438\u0449\u0443\u0454 \u0432\u0430\u0448\u0456 \u0448\u0430\u043d\u0441\u0438 \u043d\u0430 \u043f\u0440\u0430\u0446\u0435\u0432\u043b\u0430\u0448\u0442\u0443\u0432\u0430\u043d\u043d\u044f.<\/p>\n\n\n\n<p>\u0422\u0430\u043a\u043e\u0436 \u0446\u0435\u0439 \u0440\u0456\u0432\u0435\u043d\u044c \u043d\u0435\u043e\u0431\u0445\u0456\u0434\u043d\u0438\u0439 \u0434\u043b\u044f \u043e\u0442\u0440\u0438\u043c\u0430\u043d\u043d\u044f \u043f\u043e\u0441\u0442\u0456\u0439\u043d\u043e\u0433\u043e \u043c\u0456\u0441\u0446\u044f \u043f\u0440\u043e\u0436\u0438\u0432\u0430\u043d\u043d\u044f \u0432 \u0427\u0435\u0445\u0456\u0457.<\/p>\n\n\n\n<figure class=\"wp-block-image size-large\"><img loading=\"lazy\" decoding=\"async\" width=\"1024\" height=\"768\" src=\"https:\/\/www.academyelite.store\/wp-content\/uploads\/2025\/03\/undefined_image-1024x768.jpg\" alt=\"\" class=\"wp-image-473\" srcset=\"https:\/\/www.academyelite.store\/wp-content\/uploads\/2025\/03\/undefined_image-1024x768.jpg 1024w, https:\/\/www.academyelite.store\/wp-content\/uploads\/2025\/03\/undefined_image-300x225.jpg 300w, https:\/\/www.academyelite.store\/wp-content\/uploads\/2025\/03\/undefined_image-768x576.jpg 768w, https:\/\/www.academyelite.store\/wp-content\/uploads\/2025\/03\/undefined_image-1536x1152.jpg 1536w, https:\/\/www.academyelite.store\/wp-content\/uploads\/2025\/03\/undefined_image.jpg 2048w\" sizes=\"auto, (max-width: 1024px) 100vw, 1024px\" \/><\/figure>\n\n\n\n<hr class=\"wp-block-separator has-alpha-channel-opacity\"\/>\n\n\n\n<p>\ud83d\udccd <strong>\u041c\u0456\u0441\u0446\u0435 \u043d\u0430\u0432\u0447\u0430\u043d\u043d\u044f:<\/strong><\/p>\n\n\n\n<ul class=\"wp-block-list\">\n<li>\u041f\u0440\u0430\u0433\u0430<\/li>\n\n\n\n<li>\u041c\u043e\u0441\u0442<br>(\u043c\u043e\u0436\u043b\u0438\u0432\u0456\u0441\u0442\u044c \u0434\u0438\u0441\u0442\u0430\u043d\u0446\u0456\u0439\u043d\u043e\u0433\u043e \u043d\u0430\u0432\u0447\u0430\u043d\u043d\u044f \u043e\u043d\u043b\u0430\u0439\u043d)<\/li>\n<\/ul>\n\n\n\n<p>\ud83d\uddd3 <strong>\u0413\u0440\u0430\u0444\u0456\u043a \u0437\u0430\u043d\u044f\u0442\u044c:<\/strong><\/p>\n\n\n\n<ul class=\"wp-block-list\">\n<li>151 \u043d\u0430\u0432\u0447\u0430\u043b\u044c\u043d\u0430 \u0433\u043e\u0434\u0438\u043d\u0430<\/li>\n\n\n\n<li>\u0412\u0430\u0440\u0456\u0430\u043d\u0442\u0438 \u0432\u0456\u0434\u0432\u0456\u0434\u0443\u0432\u0430\u043d\u043d\u044f: 2, 3 \u0430\u0431\u043e 5 \u0440\u0430\u0437\u0456\u0432 \u043d\u0430 \u0442\u0438\u0436\u0434\u0435\u043d\u044c<\/li>\n\n\n\n<li>\u0413\u043d\u0443\u0447\u043a\u0438\u0439 \u0440\u043e\u0437\u043a\u043b\u0430\u0434 \u043f\u0456\u0434\u0431\u0438\u0440\u0430\u0454\u0442\u044c\u0441\u044f \u0456\u043d\u0434\u0438\u0432\u0456\u0434\u0443\u0430\u043b\u044c\u043d\u043e<\/li>\n<\/ul>\n\n\n\n<p>\ud83d\udcc5 <strong>\u0421\u0442\u0430\u0440\u0442: 23.04.2026, 1.5.2026, 11.05.2026, 25.5.2026, 1.6.2026<\/strong><\/p>\n\n\n\n<p>\ud83e\uddfe <strong>\u0424\u043e\u0440\u043c\u0430 \u043d\u0430\u0432\u0447\u0430\u043d\u043d\u044f:<\/strong><\/p>\n\n\n\n<ul class=\"wp-block-list\">\n<li>\u041e\u0447\u043d\u0430<\/li>\n\n\n\n<li>\u041e\u043d\u043b\u0430\u0439\u043d<\/li>\n<\/ul>\n\n\n\n<p>\ud83d\udcda <strong>\u0429\u043e \u0432\u0438 \u0432\u0438\u0432\u0447\u0438\u0442\u0435 \u043d\u0430 \u043a\u0443\u0440\u0441\u0456:<\/strong><br><strong>1. \u0413\u0440\u0430\u043c\u0430\u0442\u0438\u043a\u0430:<\/strong><\/p>\n\n\n\n<ul class=\"wp-block-list\">\n<li>\u041e\u0441\u043d\u043e\u0432\u043d\u0456 \u043f\u0440\u0430\u0432\u0438\u043b\u0430 \u0447\u0435\u0441\u044c\u043a\u043e\u0457 \u043c\u043e\u0432\u0438<\/li>\n\n\n\n<li>\u0422\u0438\u043f\u0438 \u0441\u043b\u0456\u0432: \u0456\u043c\u0435\u043d\u043d\u0438\u043a\u0438, \u0434\u0456\u0454\u0441\u043b\u043e\u0432\u0430, \u043f\u0440\u0438\u043a\u043c\u0435\u0442\u043d\u0438\u043a\u0438<\/li>\n\n\n\n<li>\u041f\u043e\u0431\u0443\u0434\u043e\u0432\u0430 \u0440\u0435\u0447\u0435\u043d\u044c: \u0441\u0442\u0432\u0435\u0440\u0434\u0436\u0435\u043d\u043d\u044f, \u043f\u0438\u0442\u0430\u043d\u043d\u044f, \u043d\u0430\u043a\u0430\u0437\u0438<\/li>\n\n\n\n<li>\u0412\u0456\u0434\u043c\u0456\u043d\u044e\u0432\u0430\u043d\u043d\u044f \u0434\u0456\u0454\u0441\u043b\u0456\u0432 \u0443 \u0442\u0435\u043f\u0435\u0440\u0456\u0448\u043d\u044c\u043e\u043c\u0443 \u0442\u0430 \u043c\u0438\u043d\u0443\u043b\u043e\u043c\u0443 \u0447\u0430\u0441\u0456<\/li>\n<\/ul>\n\n\n\n<p><strong>2. \u0421\u043b\u043e\u0432\u043d\u0438\u043a\u043e\u0432\u0438\u0439 \u0437\u0430\u043f\u0430\u0441:<\/strong><\/p>\n\n\n\n<ul class=\"wp-block-list\">\n<li>\u0421\u043b\u043e\u0432\u0430 \u0442\u0430 \u0444\u0440\u0430\u0437\u0438 \u0434\u043b\u044f \u043f\u043e\u0432\u0441\u044f\u043a\u0434\u0435\u043d\u043d\u043e\u0433\u043e \u0436\u0438\u0442\u0442\u044f: \u043f\u043e\u043a\u0443\u043f\u043a\u0438, \u0432\u0456\u0437\u0438\u0442 \u0434\u043e \u043b\u0456\u043a\u0430\u0440\u044f, \u0441\u043f\u0456\u043b\u043a\u0443\u0432\u0430\u043d\u043d\u044f \u0432 \u043e\u0444\u0456\u0441\u0430\u0445 \u0442\u0430 \u0443\u0441\u0442\u0430\u043d\u043e\u0432\u0430\u0445<\/li>\n\n\n\n<li>\u0422\u0435\u043c\u0438: \u0440\u043e\u0434\u0438\u043d\u0430, \u0440\u043e\u0431\u043e\u0442\u0430, \u0434\u043e\u0437\u0432\u0456\u043b\u043b\u044f, \u043f\u043e\u0434\u043e\u0440\u043e\u0436\u0456<\/li>\n<\/ul>\n\n\n\n<p><strong>3. \u041a\u043e\u043c\u0443\u043d\u0456\u043a\u0430\u0446\u0456\u044f:<\/strong><\/p>\n\n\n\n<ul class=\"wp-block-list\">\n<li>\u0420\u043e\u0437\u0443\u043c\u0456\u043d\u043d\u044f \u043c\u043e\u0432\u0438 \u043d\u0430 \u0441\u043b\u0443\u0445<\/li>\n\n\n\n<li>\u041f\u043e\u0432\u0441\u044f\u043a\u0434\u0435\u043d\u043d\u0435 \u0443\u0441\u043d\u0435 \u0441\u043f\u0456\u043b\u043a\u0443\u0432\u0430\u043d\u043d\u044f<\/li>\n\n\n\n<li>\u041b\u0438\u0441\u0442\u0443\u0432\u0430\u043d\u043d\u044f: \u0435\u043b\u0435\u043a\u0442\u0440\u043e\u043d\u043d\u0456 \u043b\u0438\u0441\u0442\u0438 \u0442\u0430 \u043f\u043e\u0432\u0456\u0434\u043e\u043c\u043b\u0435\u043d\u043d\u044f<\/li>\n\n\n\n<li>\u0421\u0442\u0432\u043e\u0440\u0435\u043d\u043d\u044f \u043f\u0440\u043e\u0441\u0442\u0438\u0445 \u043f\u0438\u0441\u044c\u043c\u043e\u0432\u0438\u0445 \u0442\u0435\u043a\u0441\u0442\u0456\u0432<\/li>\n<\/ul>\n\n\n\n<p><strong>4. \u041f\u0440\u0430\u043a\u0442\u0438\u043a\u0430:<\/strong><\/p>\n\n\n\n<ul class=\"wp-block-list\">\n<li>\u041c\u043e\u0434\u0435\u043b\u044e\u0432\u0430\u043d\u043d\u044f \u0440\u0435\u0430\u043b\u044c\u043d\u0438\u0445 \u0436\u0438\u0442\u0442\u0454\u0432\u0438\u0445 \u0441\u0438\u0442\u0443\u0430\u0446\u0456\u0439<\/li>\n\n\n\n<li>\u0414\u0456\u0430\u043b\u043e\u0433\u0438 \u0443 \u043f\u043e\u0431\u0443\u0442\u0456 \u0442\u0430 \u043d\u0430 \u0440\u043e\u0431\u043e\u0442\u0456<\/li>\n\n\n\n<li>\u041f\u0456\u0434\u0433\u043e\u0442\u043e\u0432\u043a\u0430 \u0434\u043e \u0441\u043f\u0456\u043b\u043a\u0443\u0432\u0430\u043d\u043d\u044f \u0432 \u0434\u0435\u0440\u0436\u0430\u0432\u043d\u0438\u0445 \u0443\u0441\u0442\u0430\u043d\u043e\u0432\u0430\u0445<\/li>\n<\/ul>\n\n\n\n<p>\ud83c\udd93 <strong>\u0429\u043e \u0449\u0435 \u0432\u0430\u0436\u043b\u0438\u0432\u043e:<\/strong><\/p>\n\n\n\n<ul class=\"wp-block-list\">\n<li>\u041a\u0443\u0440\u0441 \u0430\u0431\u0441\u043e\u043b\u044e\u0442\u043d\u043e <strong>\u0431\u0435\u0437\u043a\u043e\u0448\u0442\u043e\u0432\u043d\u0438\u0439<\/strong>!<\/li>\n\n\n\n<li>\u041c\u0438 \u0434\u043e\u043f\u043e\u043c\u0430\u0433\u0430\u0454\u043c\u043e \u0437 \u043e\u0444\u043e\u0440\u043c\u043b\u0435\u043d\u043d\u044f\u043c \u0434\u043e\u043a\u0443\u043c\u0435\u043d\u0442\u0456\u0432 \u0447\u0435\u0440\u0435\u0437 <strong>\u0426\u0435\u043d\u0442\u0440 \u0437\u0430\u0439\u043d\u044f\u0442\u043e\u0441\u0442\u0456 (\u00da\u0159ad pr\u00e1ce)<\/strong><\/li>\n\n\n\n<li>\u041c\u043e\u0436\u043b\u0438\u0432\u0430 \u043f\u043e\u0432\u043d\u0430 \u043f\u0456\u0434\u0442\u0440\u0438\u043c\u043a\u0430 \u043e\u043d\u043b\u0430\u0439\u043d, \u0432\u043a\u043b\u044e\u0447\u043d\u043e \u0437 \u043a\u043e\u043c\u0443\u043d\u0456\u043a\u0430\u0446\u0456\u0454\u044e \u0437 \u0443\u0441\u0442\u0430\u043d\u043e\u0432\u0430\u043c\u0438<\/li>\n<\/ul>\n\n\n\n<hr class=\"wp-block-separator has-alpha-channel-opacity\"\/>\n\n\n\n<h3 class=\"wp-block-heading\">\ud83d\udcde <strong>\u0417\u0430\u043f\u0438\u0441 \u0442\u0430 \u0456\u043d\u0444\u043e\u0440\u043c\u0430\u0446\u0456\u044f<\/strong><\/h3>\n\n\n\n<div class=\"wp-block-contact-form-7-contact-form-selector\">\n<div class=\"wpcf7 no-js\" id=\"wpcf7-f524-o1\" lang=\"cs-CZ\" dir=\"ltr\" data-wpcf7-id=\"524\">\n<div class=\"screen-reader-response\"><p role=\"status\" aria-live=\"polite\" aria-atomic=\"true\"><\/p> <ul><\/ul><\/div>\n<form action=\"\/studium\/aktualni-informace\/wp-json\/wp\/v2\/pages\/517#wpcf7-f524-o1\" method=\"post\" class=\"wpcf7-form init\" aria-label=\"Kontaktn\u00ed formul\u00e1\u0159\" novalidate=\"novalidate\" data-status=\"init\">\n<fieldset class=\"hidden-fields-container\"><input type=\"hidden\" name=\"_wpcf7\" value=\"524\" \/><input type=\"hidden\" name=\"_wpcf7_version\" value=\"6.1.5\" \/><input type=\"hidden\" name=\"_wpcf7_locale\" value=\"cs_CZ\" \/><input type=\"hidden\" name=\"_wpcf7_unit_tag\" value=\"wpcf7-f524-o1\" \/><input type=\"hidden\" name=\"_wpcf7_container_post\" value=\"0\" \/><input type=\"hidden\" name=\"_wpcf7_posted_data_hash\" value=\"\" \/>\n<\/fieldset>\n<p><label> \u0406\u043c'\u044f*<br \/>\n<span class=\"wpcf7-form-control-wrap\" data-name=\"your-name\"><input size=\"40\" maxlength=\"400\" class=\"wpcf7-form-control wpcf7-text wpcf7-validates-as-required\" autocomplete=\"name\" aria-required=\"true\" aria-invalid=\"false\" value=\"\" type=\"text\" name=\"your-name\" \/><\/span> <\/label>\n<\/p>\n<p><label> \u0412\u0430\u0448 e-mail*<br \/>\n<span class=\"wpcf7-form-control-wrap\" data-name=\"your-email\"><input size=\"40\" maxlength=\"400\" class=\"wpcf7-form-control wpcf7-email wpcf7-validates-as-required wpcf7-text wpcf7-validates-as-email\" autocomplete=\"email\" aria-required=\"true\" aria-invalid=\"false\" value=\"\" type=\"email\" name=\"your-email\" \/><\/span> <\/label>\n<\/p>\n<p><label> \u0422\u0435\u043b\u0435\u0444\u043e\u043d*<br \/>\n<span class=\"wpcf7-form-control-wrap\" data-name=\"telefon\"><input size=\"40\" maxlength=\"400\" class=\"wpcf7-form-control wpcf7-tel wpcf7-validates-as-required wpcf7-text wpcf7-validates-as-tel\" aria-required=\"true\" aria-invalid=\"false\" placeholder=\"\" value=\"\" type=\"tel\" name=\"telefon\" \/><\/span><\/label><br \/>\n<label><br \/>\n\u0422\u0435\u043c\u0430<br \/>\n<span class=\"wpcf7-form-control-wrap\" data-name=\"your-subject\"><input size=\"40\" maxlength=\"400\" class=\"wpcf7-form-control wpcf7-text wpcf7-validates-as-required\" aria-required=\"true\" aria-invalid=\"false\" value=\"\" type=\"text\" name=\"your-subject\" \/><\/span> <\/label><br \/>\n<span class=\"wpcf7-form-control-wrap\" data-name=\"uroven\"><select class=\"wpcf7-form-control wpcf7-select wpcf7-validates-as-required\" aria-required=\"true\" aria-invalid=\"false\" name=\"uroven\"><option value=\"Rekvalifikace A2\">Rekvalifikace A2<\/option><\/select><\/span>\n<\/p>\n<p><label> \u0412\u0430\u0448\u0435 \u043f\u043e\u0432\u0456\u0434\u043e\u043c\u043b\u0435\u043d\u043d\u044f (\u043f\u0438\u0442\u0430\u043d\u043d\u044f, \u0456\u043d\u0444\u043e\u0440\u043c\u0430\u0446\u0456\u044f, \u0437\u0430\u043f\u0438\u0442)<br \/>\n<span class=\"wpcf7-form-control-wrap\" data-name=\"your-message\"><textarea cols=\"40\" rows=\"10\" maxlength=\"2000\" class=\"wpcf7-form-control wpcf7-textarea\" aria-invalid=\"false\" name=\"your-message\"><\/textarea><\/span> <\/label>\n<\/p>\n<p><input class=\"wpcf7-form-control wpcf7-submit has-spinner\" type=\"submit\" value=\"\u041d\u0430\u0434\u0456\u0441\u043b\u0430\u0442\u0438\" \/>\n<\/p><p style=\"display: none !important;\" class=\"akismet-fields-container\" data-prefix=\"_wpcf7_ak_\"><label>&#916;<textarea name=\"_wpcf7_ak_hp_textarea\" cols=\"45\" rows=\"8\" maxlength=\"100\"><\/textarea><\/label><input type=\"hidden\" id=\"ak_js_1\" name=\"_wpcf7_ak_js\" value=\"214\"\/><script>document.getElementById( \"ak_js_1\" ).setAttribute( \"value\", ( new Date() ).getTime() );<\/script><\/p><div class=\"wpcf7-response-output\" aria-hidden=\"true\"><\/div>\n<\/form>\n<\/div>\n<\/div>\n","protected":false},"excerpt":{"rendered":"<p>\u041a\u0423\u0420\u0421 \u00ab\u0427\u0415\u0421\u042c\u041a\u0410 \u041c\u041e\u0412\u0410 \u2013 \u04102\u00bb \u0411\u0415\u0417\u041a\u041e\u0428\u0422\u041e\u0412\u041d\u041e!!! \ud83c\udde8\ud83c\uddff \u041a\u0423\u0420\u0421 \u00ab\u0427\u0415\u0421\u042c\u041a\u0410 \u041c\u041e\u0412\u0410 \u2013 \u04102\u00bb \u2013 \u0411\u0415\u0417\u041a\u041e\u0428\u0422\u041e\u0412\u041d\u041e! \ud83d\udcac \u0412\u0438\u0432\u0447\u0430\u0439\u0442\u0435 \u0447\u0435\u0441\u044c\u043a\u0443 \u043b\u0435\u0433\u043a\u043e \u0442\u0430 \u0435\u0444\u0435\u043a\u0442\u0438\u0432\u043d\u043e &hellip; <\/p>\n","protected":false},"author":1,"featured_media":0,"parent":0,"menu_order":5,"comment_status":"closed","ping_status":"closed","template":"","meta":{"_locale":"cs_CZ","_original_post":"https:\/\/www.academyelite.store\/?page_id=517","footnotes":""},"class_list":["post-517","page","type-page","status-publish","hentry","cs-CZ"],"aioseo_notices":[],"_links":{"self":[{"href":"https:\/\/www.academyelite.store\/studium\/aktualni-informace\/wp-json\/wp\/v2\/pages\/517","targetHints":{"allow":["GET"]}}],"collection":[{"href":"https:\/\/www.academyelite.store\/studium\/aktualni-informace\/wp-json\/wp\/v2\/pages"}],"about":[{"href":"https:\/\/www.academyelite.store\/studium\/aktualni-informace\/wp-json\/wp\/v2\/types\/page"}],"author":[{"embeddable":true,"href":"https:\/\/www.academyelite.store\/studium\/aktualni-informace\/wp-json\/wp\/v2\/users\/1"}],"replies":[{"embeddable":true,"href":"https:\/\/www.academyelite.store\/studium\/aktualni-informace\/wp-json\/wp\/v2\/comments?post=517"}],"version-history":[{"count":27,"href":"https:\/\/www.academyelite.store\/studium\/aktualni-informace\/wp-json\/wp\/v2\/pages\/517\/revisions"}],"predecessor-version":[{"id":857,"href":"https:\/\/www.academyelite.store\/studium\/aktualni-informace\/wp-json\/wp\/v2\/pages\/517\/revisions\/857"}],"wp:attachment":[{"href":"https:\/\/www.academyelite.store\/studium\/aktualni-informace\/wp-json\/wp\/v2\/media?parent=517"}],"curies":[{"name":"wp","href":"https:\/\/api.w.org\/{rel}","templated":true}]}}