{"id":708,"date":"2025-09-12T20:07:46","date_gmt":"2025-09-12T19:07:46","guid":{"rendered":"https:\/\/www.academyelite.store\/?page_id=708"},"modified":"2025-09-12T20:07:47","modified_gmt":"2025-09-12T19:07:47","slug":"rozrazovaci-test-cj","status":"publish","type":"page","link":"https:\/\/www.academyelite.store\/studium\/aktualni-informace\/rozrazovaci-test-cj\/","title":{"rendered":"Roz\u0159azovac\u00ed test \u010cJ"},"content":{"rendered":"\n<h3 class=\"wp-block-heading\">Nev\u00edte, jakou m\u00e1te \u00farove\u0148 \u010de\u0161tiny?<\/h3>\n\n\n\n<p>Chcete zjistit, zda jste A2, B1 nebo vy\u0161\u0161\u00ed? Objednejte se u n\u00e1s na <strong>jazykov\u00fd test<\/strong> a zjist\u00edte svou \u00farove\u0148.<\/p>\n\n\n\n<p>Tady je p\u0159ehled popisu \u00farovn\u00ed znalosti jazyka podle <strong>Spole\u010dn\u00e9ho evropsk\u00e9ho referen\u010dn\u00edho r\u00e1mce (SERR \/ CEFR)<\/strong> \u2013 konkr\u00e9tn\u011b pro <strong>A1, A2 a B1<\/strong> v \u010de\u0161tin\u011b:<\/p>\n\n\n\n<hr class=\"wp-block-separator has-alpha-channel-opacity\"\/>\n\n\n\n<h2 class=\"wp-block-heading\">\ud83d\udd39 <strong>A1 \u2013 Za\u010d\u00e1te\u010dn\u00edk<\/strong><\/h2>\n\n\n\n<ul class=\"wp-block-list\">\n<li>Rozum\u00ed <strong>b\u011b\u017en\u00fdm ka\u017edodenn\u00edm v\u00fdraz\u016fm<\/strong> a velmi jednoduch\u00fdm v\u011bt\u00e1m (pozdravy, p\u0159edstaven\u00ed, z\u00e1kladn\u00ed ot\u00e1zky).<\/li>\n\n\n\n<li>Um\u00ed se p\u0159edstavit a polo\u017eit jednoduch\u00e9 ot\u00e1zky o osobn\u00edch \u00fadaj\u00edch (nap\u0159. \u201eJak se jmenuje\u0161?\u201c, \u201eOdkud jsi?\u201c).<\/li>\n\n\n\n<li>Dok\u00e1\u017ee komunikovat velmi jednoduch\u00fdm zp\u016fsobem, pokud partner mluv\u00ed pomalu a jasn\u011b.<\/li>\n\n\n\n<li>Rozum\u00ed jednoduch\u00fdm n\u00e1pis\u016fm, cedul\u00edm, formul\u00e1\u0159\u016fm.<\/li>\n\n\n\n<li>Slovn\u00ed z\u00e1soba: cca 500\u2013800 slov.<\/li>\n<\/ul>\n\n\n\n<hr class=\"wp-block-separator has-alpha-channel-opacity\"\/>\n\n\n\n<h2 class=\"wp-block-heading\">\ud83d\udd39 <strong>A2 \u2013 M\u00edrn\u011b pokro\u010dil\u00fd<\/strong><\/h2>\n\n\n\n<ul class=\"wp-block-list\">\n<li>Rozum\u00ed v\u011bt\u00e1m a \u010dasto pou\u017e\u00edvan\u00fdm v\u00fdraz\u016fm vztahuj\u00edc\u00edm se k b\u011b\u017en\u00fdm oblastem (nakupov\u00e1n\u00ed, rodina, pr\u00e1ce, cestov\u00e1n\u00ed).<\/li>\n\n\n\n<li>Um\u00ed jednoduch\u00fdm zp\u016fsobem popsat sv\u00e9 okol\u00ed, z\u00e1kladn\u00ed pot\u0159eby, z\u00e1jmy, zku\u0161enosti.<\/li>\n\n\n\n<li>Dok\u00e1\u017ee v\u00e9st kr\u00e1tk\u00fd rozhovor o zn\u00e1m\u00fdch t\u00e9matech.<\/li>\n\n\n\n<li>Porozum\u00ed kr\u00e1tk\u00fdm text\u016fm (nap\u0159. e-mail, jednoduch\u00fd \u010dl\u00e1nek, j\u00edzdn\u00ed \u0159\u00e1d).<\/li>\n\n\n\n<li>Slovn\u00ed z\u00e1soba: cca 1 000\u20131 500 slov.<\/li>\n<\/ul>\n\n\n\n<hr class=\"wp-block-separator has-alpha-channel-opacity\"\/>\n\n\n\n<h2 class=\"wp-block-heading\">\ud83d\udd39 <strong>B1 \u2013 St\u0159edn\u011b pokro\u010dil\u00fd<\/strong><\/h2>\n\n\n\n<ul class=\"wp-block-list\">\n<li>Rozum\u00ed hlavn\u00edm my\u0161lenk\u00e1m srozumiteln\u00fdch text\u016f, pokud se t\u00fdkaj\u00ed zn\u00e1m\u00fdch t\u00e9mat (pr\u00e1ce, \u0161kola, voln\u00fd \u010das).<\/li>\n\n\n\n<li>Dok\u00e1\u017ee se vyj\u00e1d\u0159it v situac\u00edch, kter\u00e9 mohou nastat p\u0159i cestov\u00e1n\u00ed nebo pobytu v ciz\u00ed zemi.<\/li>\n\n\n\n<li>Um\u00ed vytvo\u0159it <strong>souvisl\u00fd text<\/strong> na zn\u00e1m\u00e9 t\u00e9ma (nap\u0159. dopis, vypr\u00e1v\u011bn\u00ed o z\u00e1\u017eitku).<\/li>\n\n\n\n<li>Um\u00ed vyj\u00e1d\u0159it sv\u016fj n\u00e1zor a stru\u010dn\u011b vysv\u011btlit argumenty.<\/li>\n\n\n\n<li>Rozum\u00ed del\u0161\u00edm text\u016fm, z\u00e1kladn\u00edm medi\u00e1ln\u00edm zpr\u00e1v\u00e1m, film\u016fm s jednodu\u0161\u0161\u00ed \u010de\u0161tinou.<\/li>\n\n\n\n<li>Slovn\u00ed z\u00e1soba: cca 2 000\u20132 500 slov.<\/li>\n<\/ul>\n\n\n\n<div class=\"wp-block-contact-form-7-contact-form-selector\">\n<div class=\"wpcf7 no-js\" id=\"wpcf7-f709-o1\" lang=\"cs-CZ\" dir=\"ltr\" data-wpcf7-id=\"709\">\n<div class=\"screen-reader-response\"><p role=\"status\" aria-live=\"polite\" aria-atomic=\"true\"><\/p> <ul><\/ul><\/div>\n<form action=\"\/studium\/aktualni-informace\/wp-json\/wp\/v2\/pages\/708#wpcf7-f709-o1\" method=\"post\" class=\"wpcf7-form init\" aria-label=\"Kontaktn\u00ed formul\u00e1\u0159\" novalidate=\"novalidate\" data-status=\"init\">\n<fieldset class=\"hidden-fields-container\"><input type=\"hidden\" name=\"_wpcf7\" value=\"709\" \/><input type=\"hidden\" name=\"_wpcf7_version\" value=\"6.1.5\" \/><input type=\"hidden\" name=\"_wpcf7_locale\" value=\"cs_CZ\" \/><input type=\"hidden\" name=\"_wpcf7_unit_tag\" value=\"wpcf7-f709-o1\" \/><input type=\"hidden\" name=\"_wpcf7_container_post\" value=\"0\" \/><input type=\"hidden\" name=\"_wpcf7_posted_data_hash\" value=\"\" \/>\n<\/fieldset>\n<p><label>Jm\u00e9no *<br \/>\n<span class=\"wpcf7-form-control-wrap\" data-name=\"first-name\"><input size=\"40\" maxlength=\"400\" class=\"wpcf7-form-control wpcf7-text wpcf7-validates-as-required\" autocomplete=\"name\" aria-required=\"true\" aria-invalid=\"false\" value=\"\" type=\"text\" name=\"first-name\" \/><\/span><br \/>\n<\/label>\n<\/p>\n<p><label>P\u0159\u00edjmen\u00ed *<br \/>\n<span class=\"wpcf7-form-control-wrap\" data-name=\"last-name\"><input size=\"40\" maxlength=\"400\" class=\"wpcf7-form-control wpcf7-text wpcf7-validates-as-required\" autocomplete=\"surname\" aria-required=\"true\" aria-invalid=\"false\" value=\"\" type=\"text\" name=\"last-name\" \/><\/span><br \/>\n<\/label>\n<\/p>\n<p><label>Datum narozen\u00ed *<br \/>\n<span class=\"wpcf7-form-control-wrap\" data-name=\"birthdate\"><input class=\"wpcf7-form-control wpcf7-date wpcf7-validates-as-required wpcf7-validates-as-date\" aria-required=\"true\" aria-invalid=\"false\" value=\"\" type=\"date\" name=\"birthdate\" \/><\/span><br \/>\n<\/label>\n<\/p>\n<p><label>Email *<br \/>\n<span class=\"wpcf7-form-control-wrap\" data-name=\"email\"><input size=\"40\" maxlength=\"400\" class=\"wpcf7-form-control wpcf7-email wpcf7-validates-as-required wpcf7-text wpcf7-validates-as-email\" aria-required=\"true\" aria-invalid=\"false\" value=\"\" type=\"email\" name=\"email\" \/><\/span><br \/>\n<\/label>\n<\/p>\n<p><label>Telefon *<br \/>\n<span class=\"wpcf7-form-control-wrap\" data-name=\"phone\"><input size=\"40\" maxlength=\"400\" class=\"wpcf7-form-control wpcf7-tel wpcf7-validates-as-required wpcf7-text wpcf7-validates-as-tel\" aria-required=\"true\" aria-invalid=\"false\" value=\"Vlo\u017ete v\u00e1\u0161 telefon\" type=\"tel\" name=\"phone\" \/><\/span><br \/>\n<\/label>\n<\/p>\n<p><label>Rodn\u00e9 \u010d\u00edslo<br \/>\n<span class=\"wpcf7-form-control-wrap\" data-name=\"rodne-cislo\"><input size=\"40\" maxlength=\"400\" class=\"wpcf7-form-control wpcf7-text\" aria-invalid=\"false\" value=\"\" type=\"text\" name=\"rodne-cislo\" \/><\/span><br \/>\n<\/label>\n<\/p>\n<p><label>M\u00edsto narozen\u00ed *<br \/>\n<span class=\"wpcf7-form-control-wrap\" data-name=\"place-of-birth\"><input size=\"40\" maxlength=\"400\" class=\"wpcf7-form-control wpcf7-text wpcf7-validates-as-required\" aria-required=\"true\" aria-invalid=\"false\" value=\"\" type=\"text\" name=\"place-of-birth\" \/><\/span><br \/>\n<\/label><br \/>\n<label>N\u00e1rodnost *<br \/>\n<span class=\"wpcf7-form-control-wrap\" data-name=\"nationality\"><input size=\"40\" maxlength=\"400\" class=\"wpcf7-form-control wpcf7-text wpcf7-validates-as-required\" aria-required=\"true\" aria-invalid=\"false\" value=\"\" type=\"text\" name=\"nationality\" \/><\/span><br \/>\n<\/label>\n<\/p>\n<p><label>Bydli\u0161t\u011b *<br \/>\n<span class=\"wpcf7-form-control-wrap\" data-name=\"residence\"><input size=\"40\" maxlength=\"400\" class=\"wpcf7-form-control wpcf7-text wpcf7-validates-as-required\" aria-required=\"true\" aria-invalid=\"false\" value=\"\" type=\"text\" name=\"residence\" \/><\/span><br \/>\n<\/label>\n<\/p>\n<p><label>Titul<br \/>\n<span class=\"wpcf7-form-control-wrap\" data-name=\"title\"><input size=\"40\" maxlength=\"400\" class=\"wpcf7-form-control wpcf7-text\" aria-invalid=\"false\" value=\"\" type=\"text\" name=\"title\" \/><\/span><br \/>\n<\/label><br \/>\n<span class=\"wpcf7-form-control-wrap\" data-name=\"uroven\"><select class=\"wpcf7-form-control wpcf7-select wpcf7-validates-as-required\" aria-required=\"true\" aria-invalid=\"false\" name=\"uroven\"><option value=\"Roz\u0159azovac\u00ed test z \u010de\u0161tiny A1\">Roz\u0159azovac\u00ed test z \u010de\u0161tiny A1<\/option><option value=\"Roz\u0159azovac\u00ed test z \u010de\u0161tiny A2\">Roz\u0159azovac\u00ed test z \u010de\u0161tiny A2<\/option><option value=\"Roz\u0159azovac\u00ed test z \u010de\u0161tiny B1\">Roz\u0159azovac\u00ed test z \u010de\u0161tiny B1<\/option><\/select><\/span>\n<\/p>\n<p><label><br \/>\n<span class=\"wpcf7-form-control-wrap\" data-name=\"checkbox-461\"><span class=\"wpcf7-form-control wpcf7-checkbox wpcf7-validates-as-required\"><span class=\"wpcf7-list-item first last\"><label><input type=\"checkbox\" name=\"checkbox-461[]\" value=\"Souhlas\u00edm se ze zpracov\u00e1n\u00edm osobn\u00edch \u00fadaj\u016f\" \/><span class=\"wpcf7-list-item-label\">Souhlas\u00edm se ze zpracov\u00e1n\u00edm osobn\u00edch \u00fadaj\u016f<\/span><\/label><\/span><\/span><\/span><br \/>\nSouhlas\u00edm se zpracov\u00e1n\u00edm osobn\u00edch \u00fadaj\u016f pouze pro pot\u0159eby jazykov\u00e9 \u0161koly. *<br \/>\n<\/label><br \/>\n<label><br \/>\n<span class=\"wpcf7-form-control-wrap\" data-name=\"checkbox-461\"><span class=\"wpcf7-form-control wpcf7-checkbox wpcf7-validates-as-required\"><span class=\"wpcf7-list-item first last\"><label><input type=\"checkbox\" name=\"checkbox-461[]\" value=\"Prohl\u00e1\u0161en\u00ed \u00fa\u010dastn\u00edka:\" \/><span class=\"wpcf7-list-item-label\">Prohl\u00e1\u0161en\u00ed \u00fa\u010dastn\u00edka:<\/span><\/label><\/span><\/span><\/span><br \/>\nProhla\u0161uji, \u017ee v\u0161echny uveden\u00e9 \u00fadaje jsou pravdiv\u00e9 a zavazuji se k dodr\u017eov\u00e1n\u00ed pravidel kurzu*<br \/>\n<\/label><br \/>\n<input class=\"wpcf7-form-control wpcf7-submit has-spinner\" type=\"submit\" value=\"Odeslat\" \/>\n<\/p><p style=\"display: none !important;\" class=\"akismet-fields-container\" data-prefix=\"_wpcf7_ak_\"><label>&#916;<textarea name=\"_wpcf7_ak_hp_textarea\" cols=\"45\" rows=\"8\" maxlength=\"100\"><\/textarea><\/label><input type=\"hidden\" id=\"ak_js_1\" name=\"_wpcf7_ak_js\" value=\"6\"\/><script>document.getElementById( \"ak_js_1\" ).setAttribute( \"value\", ( new Date() ).getTime() );<\/script><\/p><div class=\"wpcf7-response-output\" aria-hidden=\"true\"><\/div>\n<\/form>\n<\/div>\n<\/div>\n","protected":false},"excerpt":{"rendered":"<p>Nev\u00edte, jakou m\u00e1te \u00farove\u0148 \u010de\u0161tiny? Chcete zjistit, zda jste A2, B1 nebo vy\u0161\u0161\u00ed? Objednejte se u n\u00e1s na jazykov\u00fd test &hellip; <\/p>\n","protected":false},"author":1,"featured_media":0,"parent":0,"menu_order":0,"comment_status":"closed","ping_status":"closed","template":"","meta":{"_locale":"cs_CZ","_original_post":"https:\/\/www.academyelite.store\/?page_id=708","footnotes":""},"class_list":["post-708","page","type-page","status-publish","hentry","cs-CZ"],"aioseo_notices":[],"_links":{"self":[{"href":"https:\/\/www.academyelite.store\/studium\/aktualni-informace\/wp-json\/wp\/v2\/pages\/708","targetHints":{"allow":["GET"]}}],"collection":[{"href":"https:\/\/www.academyelite.store\/studium\/aktualni-informace\/wp-json\/wp\/v2\/pages"}],"about":[{"href":"https:\/\/www.academyelite.store\/studium\/aktualni-informace\/wp-json\/wp\/v2\/types\/page"}],"author":[{"embeddable":true,"href":"https:\/\/www.academyelite.store\/studium\/aktualni-informace\/wp-json\/wp\/v2\/users\/1"}],"replies":[{"embeddable":true,"href":"https:\/\/www.academyelite.store\/studium\/aktualni-informace\/wp-json\/wp\/v2\/comments?post=708"}],"version-history":[{"count":1,"href":"https:\/\/www.academyelite.store\/studium\/aktualni-informace\/wp-json\/wp\/v2\/pages\/708\/revisions"}],"predecessor-version":[{"id":710,"href":"https:\/\/www.academyelite.store\/studium\/aktualni-informace\/wp-json\/wp\/v2\/pages\/708\/revisions\/710"}],"wp:attachment":[{"href":"https:\/\/www.academyelite.store\/studium\/aktualni-informace\/wp-json\/wp\/v2\/media?parent=708"}],"curies":[{"name":"wp","href":"https:\/\/api.w.org\/{rel}","templated":true}]}}