{"id":919,"date":"2026-05-09T22:01:56","date_gmt":"2026-05-09T21:01:56","guid":{"rendered":"https:\/\/www.academyelite.store\/studium\/aktualni-informace\/?page_id=919"},"modified":"2026-05-09T22:05:03","modified_gmt":"2026-05-09T21:05:03","slug":"a1-expres","status":"publish","type":"page","link":"https:\/\/www.academyelite.store\/studium\/aktualni-informace\/a1-expres\/","title":{"rendered":"\u04101 Expres \u0434\u043b\u044f \u043f\u043e\u0447\u0430\u0442\u043a\u0456\u0432\u0446\u0456\u0432"},"content":{"rendered":"\n<p><strong>\u041a\u0423\u0420\u0421 \u00ab\u0427\u0415\u0421\u042c\u041a\u0410 \u041c\u041e\u0412\u0410 \u2013 \u04101 Expres\u00bb&nbsp;<\/strong><\/p>\n\n\n\n<p>\u0425\u043e\u0447\u0435\u0442\u0435 \u0448\u0432\u0438\u0434\u043a\u043e \u0437\u0430\u0433\u043e\u0432\u043e\u0440\u0438\u0442\u0438 \u0447\u0435\u0441\u044c\u043a\u043e\u044e?<br><img loading=\"lazy\" decoding=\"async\" width=\"500\" height=\"375\" class=\"wp-image-913\" style=\"width: 500px;\" src=\"https:\/\/www.academyelite.store\/wp-content\/uploads\/2026\/05\/IMG_3827-scaled.jpeg\" alt=\"\" srcset=\"https:\/\/www.academyelite.store\/wp-content\/uploads\/2026\/05\/IMG_3827-scaled.jpeg 2560w, https:\/\/www.academyelite.store\/wp-content\/uploads\/2026\/05\/IMG_3827-300x225.jpeg 300w, https:\/\/www.academyelite.store\/wp-content\/uploads\/2026\/05\/IMG_3827-1024x768.jpeg 1024w, https:\/\/www.academyelite.store\/wp-content\/uploads\/2026\/05\/IMG_3827-768x576.jpeg 768w, https:\/\/www.academyelite.store\/wp-content\/uploads\/2026\/05\/IMG_3827-1536x1152.jpeg 1536w, https:\/\/www.academyelite.store\/wp-content\/uploads\/2026\/05\/IMG_3827-2048x1536.jpeg 2048w\" sizes=\"auto, (max-width: 500px) 100vw, 500px\" \/><\/p>\n\n\n\n<p><strong>Expres A1 \u2014 \u0448\u0432\u0438\u0434\u043a\u0438\u0439 \u0441\u0442\u0430\u0440\u0442 \u0443 \u0432\u0438\u0432\u0447\u0435\u043d\u043d\u0456 \u043c\u043e\u0432\u0438 \u0437 \u043d\u0443\u043b\u044f!<\/strong><\/p>\n\n\n\n<p>\u0425\u043e\u0447\u0435\u0442\u0435 \u0437\u0430\u0433\u043e\u0432\u043e\u0440\u0438\u0442\u0438 \u0432\u0436\u0435 \u0437\u0430 \u043a\u043e\u0440\u043e\u0442\u043a\u0438\u0439 \u0447\u0430\u0441? \u041a\u0443\u0440\u0441 <strong>Expres A1<\/strong> \u2014 \u0446\u0435 \u0456\u043d\u0442\u0435\u043d\u0441\u0438\u0432\u043d\u0430 \u043f\u0440\u043e\u0433\u0440\u0430\u043c\u0430, \u044f\u043a\u0430 \u0434\u043e\u043f\u043e\u043c\u043e\u0436\u0435 \u0432\u0430\u043c \u0448\u0432\u0438\u0434\u043a\u043e \u043e\u043f\u0430\u043d\u0443\u0432\u0430\u0442\u0438 \u0431\u0430\u0437\u043e\u0432\u0438\u0439 \u0440\u0456\u0432\u0435\u043d\u044c \u043c\u043e\u0432\u0438 \u0442\u0430 \u043f\u043e\u0447\u0430\u0442\u0438 \u0432\u043f\u0435\u0432\u043d\u0435\u043d\u043e \u0441\u043f\u0456\u043b\u043a\u0443\u0432\u0430\u0442\u0438\u0441\u044f \u0432 \u043f\u043e\u0432\u0441\u044f\u043a\u0434\u0435\u043d\u043d\u0438\u0445 \u0441\u0438\u0442\u0443\u0430\u0446\u0456\u044f\u0445.<\/p>\n\n\n\n<p>\u0412\u0438 \u0432\u0438\u0432\u0447\u0438\u0442\u0435 \u043d\u0430\u0439\u043d\u0435\u043e\u0431\u0445\u0456\u0434\u043d\u0456\u0448\u0443 \u0433\u0440\u0430\u043c\u0430\u0442\u0438\u043a\u0443, \u043e\u0441\u043d\u043e\u0432\u043d\u0443 \u043b\u0435\u043a\u0441\u0438\u043a\u0443 \u0442\u0430 \u0433\u043e\u0442\u043e\u0432\u0456 \u0444\u0440\u0430\u0437\u0438 \u0434\u043b\u044f \u0441\u043f\u0456\u043b\u043a\u0443\u0432\u0430\u043d\u043d\u044f: \u0437\u043d\u0430\u0439\u043e\u043c\u0441\u0442\u0432\u0430, \u043f\u043e\u043a\u0443\u043f\u043a\u0438, \u043f\u043e\u0434\u043e\u0440\u043e\u0436\u0456, \u0440\u043e\u0431\u043e\u0442\u0430 \u0442\u0430 \u043f\u0440\u043e\u0441\u0442\u0456 \u0434\u0456\u0430\u043b\u043e\u0433\u0438.<\/p>\n\n\n\n<p>\ud83d\udd39 \u041c\u0430\u043a\u0441\u0438\u043c\u0443\u043c \u043f\u0440\u0430\u043a\u0442\u0438\u043a\u0438 \u0437 \u043f\u0435\u0440\u0448\u043e\u0433\u043e \u0437\u0430\u043d\u044f\u0442\u0442\u044f<br>\ud83d\udd39 \u0428\u0432\u0438\u0434\u043a\u0438\u0439 \u043f\u0440\u043e\u0433\u0440\u0435\u0441 \u0431\u0435\u0437 \u0437\u0430\u0439\u0432\u043e\u0457 \u0442\u0435\u043e\u0440\u0456\u0457<br>\ud83d\udd39 \u0420\u0435\u0430\u043b\u044c\u043d\u0456 \u043c\u043e\u0432\u043d\u0456 \u0441\u0438\u0442\u0443\u0430\u0446\u0456\u0457 \u0442\u0430 \u0436\u0438\u0432\u0435 \u0441\u043f\u0456\u043b\u043a\u0443\u0432\u0430\u043d\u043d\u044f<br>\ud83d\udd39 \u041f\u0456\u0434\u0433\u043e\u0442\u043e\u0432\u043a\u0430 \u0434\u043e \u0440\u0456\u0432\u043d\u044f A1 \u0442\u0430 \u0431\u0430\u0437\u043e\u0432\u0438\u0445 \u0456\u0441\u043f\u0438\u0442\u0456\u0432<\/p>\n\n\n\n<p><strong>Expres A1 \u2014 \u0456\u0434\u0435\u0430\u043b\u044c\u043d\u0438\u0439 \u0432\u0438\u0431\u0456\u0440 \u0434\u043b\u044f \u0442\u0438\u0445, \u0445\u0442\u043e \u0445\u043e\u0447\u0435 \u0448\u0432\u0438\u0434\u043a\u043e \u043f\u043e\u0447\u0430\u0442\u0438 \u0433\u043e\u0432\u043e\u0440\u0438\u0442\u0438 \u0442\u0430 \u043e\u0442\u0440\u0438\u043c\u0430\u0442\u0438 \u0440\u0435\u0437\u0443\u043b\u044c\u0442\u0430\u0442 \u0432\u0436\u0435 \u0437\u0430\u0440\u0430\u0437!<\/strong><\/p>\n\n\n\n<p>\ud83d\udccd <strong>\u0414\u0435:<\/strong> \u041f\u0440\u0430\u0433\u0430, \u041c\u043e\u0441\u0442 offline + online<\/p>\n\n\n\n<p>\ud83d\udcc5 <strong>\u0421\u0442\u0430\u0440\u0442: 28. 5. 2026, 5. 6. 2026, 12. 6. 2026<\/strong><br>\u23f0 <strong>\u0424\u043e\u0440\u043c\u0430\u0442\u0438 \u0437\u0430\u043d\u044f\u0442\u044c:<\/strong><\/p>\n\n\n\n<ul class=\"wp-block-list\">\n<li>2\u00d7 \u043d\u0430 \u0442\u0438\u0436\u0434\u0435\u043d\u044c<\/li>\n\n\n\n<li>3\u00d7 \u043d\u0430 \u0442\u0438\u0436\u0434\u0435\u043d\u044c<\/li>\n<\/ul>\n\n\n\n<p>\ud83d\udca1 <strong>\u0429\u043e \u0432\u0438 \u043e\u0442\u0440\u0438\u043c\u0430\u0454\u0442\u0435 \u043d\u0430 \u043a\u0443\u0440\u0441\u0456:<\/strong><\/p>\n\n\n\n<ul class=\"wp-block-list\">\n<li>\u041e\u0441\u043d\u043e\u0432\u0438 \u0433\u0440\u0430\u043c\u0430\u0442\u0438\u043a\u0438 \u0442\u0430 \u043f\u043e\u0431\u0443\u0434\u043e\u0432\u0438 \u0440\u0435\u0447\u0435\u043d\u044c<\/li>\n\n\n\n<li>\u0421\u043b\u043e\u0432\u043d\u0438\u043a\u043e\u0432\u0438\u0439 \u0437\u0430\u043f\u0430\u0441 \u0434\u043b\u044f \u0436\u0438\u0442\u0442\u044f (\u043c\u0430\u0433\u0430\u0437\u0438\u043d, \u043b\u0456\u043a\u0430\u0440, \u043e\u0444\u0456\u0441, \u0441\u0456\u043c\u2019\u044f, \u0434\u043e\u0437\u0432\u0456\u043b\u043b\u044f)<\/li>\n\n\n\n<li>\u0420\u043e\u0437\u043c\u043e\u0432\u043d\u0430 \u043f\u0440\u0430\u043a\u0442\u0438\u043a\u0430 \u0443 \u0440\u0435\u0430\u043b\u044c\u043d\u0438\u0445 \u0441\u0438\u0442\u0443\u0430\u0446\u0456\u044f\u0445<\/li>\n\n\n\n<li>\u0412\u043c\u0456\u043d\u043d\u044f \u043f\u0438\u0441\u0430\u0442\u0438 \u043f\u0440\u043e\u0441\u0442\u0456 \u0442\u0435\u043a\u0441\u0442\u0438 \u0442\u0430 \u043b\u0438\u0441\u0442\u0438<\/li>\n\n\n\n<li>\u041f\u0456\u0434\u0433\u043e\u0442\u043e\u0432\u043a\u0430 \u0434\u043e \u0440\u0456\u0432\u043d\u044f \u04102 \u0456 \u0432\u0438\u0449\u0435<\/li>\n<\/ul>\n\n\n\n<p>\ud83c\udfaf <strong>\u041c\u0435\u0442\u0430 \u043a\u0443\u0440\u0441\u0443:<\/strong><\/p>\n\n\n\n<ul class=\"wp-block-list\">\n<li>\u0412\u043f\u0435\u0432\u043d\u0435\u043d\u0435 \u0441\u043f\u0456\u043b\u043a\u0443\u0432\u0430\u043d\u043d\u044f \u0443 \u043f\u043e\u0432\u0441\u044f\u043a\u0434\u0435\u043d\u043d\u043e\u043c\u0443 \u0436\u0438\u0442\u0442\u0456<\/li>\n\n\n\n<li>\u0406\u043d\u0442\u0435\u0433\u0440\u0430\u0446\u0456\u044f \u0443 \u0440\u043e\u0431\u043e\u0447\u0435 \u0442\u0430 \u0441\u043e\u0446\u0456\u0430\u043b\u044c\u043d\u0435 \u0441\u0435\u0440\u0435\u0434\u043e\u0432\u0438\u0449\u0435 \u0427\u0435\u0445\u0456\u0457<\/li>\n<\/ul>\n\n\n\n<p>\ud83d\udcdc <strong>\u041f\u043e \u0437\u0430\u0432\u0435\u0440\u0448\u0435\u043d\u043d\u0456:<\/strong><\/p>\n\n\n\n<ul class=\"wp-block-list\">\n<li>\u0424\u0456\u043d\u0430\u043b\u044c\u043d\u0438\u0439 \u0442\u0435\u0441\u0442\/\u0456\u0441\u043f\u0438\u0442<\/li>\n\n\n\n<li>\u0421\u0435\u0440\u0442\u0438\u0444\u0456\u043a\u0430\u0442<\/li>\n<\/ul>\n\n\n\n<p>\u231b <strong>\u0422\u0440\u0438\u0432\u0430\u043b\u0456\u0441\u0442\u044c: 36<\/strong> \u0433\u043e\u0434\u0438\u043d<\/p>\n\n\n\n<p>Cena: 4 500 K\u010d.<\/p>\n\n\n\n<p>\u042f\u043a\u0449\u043e \u0432\u0438 \u043c\u0430\u0454\u0442\u0435 \u0442\u0438\u043c\u0447\u0430\u0441\u043e\u0432\u0438\u0439 \u0437\u0430\u0445\u0438\u0441\u0442, \u0437\u0432\u0435\u0440\u0442\u0430\u0439\u0442\u0435\u0441\u044f \u043d\u0430 e-mail evrosen@seznam.cz\u2014 \u043c\u0438 \u0434\u043e\u043f\u043e\u043c\u043e\u0436\u0435\u043c\u043e \u0432\u0430\u043c \u043e\u0442\u0440\u0438\u043c\u0430\u0442\u0438 \u043a\u0443\u0440\u0441 \u0431\u0435\u0437\u043a\u043e\u0448\u0442\u043e\u0432\u043d\u043e.<\/p>\n\n\n\n<div class=\"wpcf7 no-js\" id=\"wpcf7-f578-o1\" lang=\"cs-CZ\" dir=\"ltr\" data-wpcf7-id=\"578\">\n<div class=\"screen-reader-response\"><p role=\"status\" aria-live=\"polite\" aria-atomic=\"true\"><\/p> <ul><\/ul><\/div>\n<form action=\"\/studium\/aktualni-informace\/wp-json\/wp\/v2\/pages\/919#wpcf7-f578-o1\" method=\"post\" class=\"wpcf7-form init\" aria-label=\"Kontaktn\u00ed formul\u00e1\u0159\" novalidate=\"novalidate\" data-status=\"init\">\n<fieldset class=\"hidden-fields-container\"><input type=\"hidden\" name=\"_wpcf7\" value=\"578\" \/><input type=\"hidden\" name=\"_wpcf7_version\" value=\"6.1.5\" \/><input type=\"hidden\" name=\"_wpcf7_locale\" value=\"cs_CZ\" \/><input type=\"hidden\" name=\"_wpcf7_unit_tag\" value=\"wpcf7-f578-o1\" \/><input type=\"hidden\" name=\"_wpcf7_container_post\" value=\"0\" \/><input type=\"hidden\" name=\"_wpcf7_posted_data_hash\" value=\"\" \/>\n<\/fieldset>\n<p><label>Jm\u00e9no *<br \/>\n<span class=\"wpcf7-form-control-wrap\" data-name=\"first-name\"><input size=\"40\" maxlength=\"400\" class=\"wpcf7-form-control wpcf7-text wpcf7-validates-as-required\" autocomplete=\"name\" aria-required=\"true\" aria-invalid=\"false\" value=\"\" type=\"text\" name=\"first-name\" \/><\/span><br \/>\n<\/label>\n<\/p>\n<p><label>P\u0159\u00edjmen\u00ed *<br \/>\n<span class=\"wpcf7-form-control-wrap\" data-name=\"last-name\"><input size=\"40\" maxlength=\"400\" class=\"wpcf7-form-control wpcf7-text wpcf7-validates-as-required\" autocomplete=\"surname\" aria-required=\"true\" aria-invalid=\"false\" value=\"\" type=\"text\" name=\"last-name\" \/><\/span><br \/>\n<\/label>\n<\/p>\n<p><label>Datum narozen\u00ed *<br \/>\n<span class=\"wpcf7-form-control-wrap\" data-name=\"birthdate\"><input class=\"wpcf7-form-control wpcf7-date wpcf7-validates-as-required wpcf7-validates-as-date\" aria-required=\"true\" aria-invalid=\"false\" value=\"\" type=\"date\" name=\"birthdate\" \/><\/span><br \/>\n<\/label>\n<\/p>\n<p><label>PS\u010c *<br \/>\n<span class=\"wpcf7-form-control-wrap\" data-name=\"postal-code\"><input size=\"40\" maxlength=\"400\" class=\"wpcf7-form-control wpcf7-text wpcf7-validates-as-required\" aria-required=\"true\" aria-invalid=\"false\" value=\"\" type=\"text\" name=\"postal-code\" \/><\/span><br \/>\n<\/label>\n<\/p>\n<p><label>Email *<br \/>\n<span class=\"wpcf7-form-control-wrap\" data-name=\"email\"><input size=\"40\" maxlength=\"400\" class=\"wpcf7-form-control wpcf7-email wpcf7-validates-as-required wpcf7-text wpcf7-validates-as-email\" aria-required=\"true\" aria-invalid=\"false\" value=\"\" type=\"email\" name=\"email\" \/><\/span><br \/>\n<\/label>\n<\/p>\n<p><label>Telefon *<br \/>\n<span class=\"wpcf7-form-control-wrap\" data-name=\"phone\"><input size=\"40\" maxlength=\"400\" class=\"wpcf7-form-control wpcf7-tel wpcf7-validates-as-required wpcf7-text wpcf7-validates-as-tel\" aria-required=\"true\" aria-invalid=\"false\" value=\"Vlo\u017ete v\u00e1\u0161 telefon\" type=\"tel\" name=\"phone\" \/><\/span><br \/>\n<\/label>\n<\/p>\n<p><label>Rodn\u00e9 \u010d\u00edslo<br \/>\n<span class=\"wpcf7-form-control-wrap\" data-name=\"rodne-cislo\"><input size=\"40\" maxlength=\"400\" class=\"wpcf7-form-control wpcf7-text\" aria-invalid=\"false\" value=\"\" type=\"text\" name=\"rodne-cislo\" \/><\/span><br \/>\n<\/label>\n<\/p>\n<p><label>M\u00edsto narozen\u00ed *<br \/>\n<span class=\"wpcf7-form-control-wrap\" data-name=\"place-of-birth\"><input size=\"40\" maxlength=\"400\" class=\"wpcf7-form-control wpcf7-text wpcf7-validates-as-required\" aria-required=\"true\" aria-invalid=\"false\" value=\"\" type=\"text\" name=\"place-of-birth\" \/><\/span><br \/>\n<\/label>\n<\/p>\n<p><label>Okres *<br \/>\n<span class=\"wpcf7-form-control-wrap\" data-name=\"district\"><input size=\"40\" maxlength=\"400\" class=\"wpcf7-form-control wpcf7-text wpcf7-validates-as-required\" aria-required=\"true\" aria-invalid=\"false\" value=\"\" type=\"text\" name=\"district\" \/><\/span><br \/>\n<\/label>\n<\/p>\n<p><label>N\u00e1rodnost *<br \/>\n<span class=\"wpcf7-form-control-wrap\" data-name=\"nationality\"><input size=\"40\" maxlength=\"400\" class=\"wpcf7-form-control wpcf7-text wpcf7-validates-as-required\" aria-required=\"true\" aria-invalid=\"false\" value=\"\" type=\"text\" name=\"nationality\" \/><\/span><br \/>\n<\/label>\n<\/p>\n<p><label>Adresa pobytu: *<br \/>\n<span class=\"wpcf7-form-control-wrap\" data-name=\"residence\"><input size=\"40\" maxlength=\"400\" class=\"wpcf7-form-control wpcf7-text wpcf7-validates-as-required\" aria-required=\"true\" aria-invalid=\"false\" value=\"\" type=\"text\" name=\"residence\" \/><\/span><br \/>\n<\/label><br \/>\n<label>Adresa pobytu: *<br \/>\n<span class=\"wpcf7-form-control-wrap\" data-name=\"residence\"><input size=\"40\" maxlength=\"400\" class=\"wpcf7-form-control wpcf7-text wpcf7-validates-as-required\" aria-required=\"true\" aria-invalid=\"false\" value=\"\" type=\"text\" name=\"residence\" \/><\/span><br \/>\n<\/label><br \/>\n<label>PS\u010c *<br \/>\n<span class=\"wpcf7-form-control-wrap\" data-name=\"postcode\"><input size=\"40\" maxlength=\"400\" class=\"wpcf7-form-control wpcf7-text wpcf7-validates-as-required\" aria-required=\"true\" aria-invalid=\"false\" value=\"\" type=\"text\" name=\"postcode\" \/><\/span><br \/>\n<\/label><br \/>\n<label>Titul<br \/>\n<span class=\"wpcf7-form-control-wrap\" data-name=\"title\"><input size=\"40\" maxlength=\"400\" class=\"wpcf7-form-control wpcf7-text\" aria-invalid=\"false\" value=\"\" type=\"text\" name=\"title\" \/><\/span><br \/>\n<\/label><br \/>\n\u00darove\u0148<br \/>\n<span class=\"wpcf7-form-control-wrap\" data-name=\"uroven\"><select class=\"wpcf7-form-control wpcf7-select wpcf7-validates-as-required\" id=\"uroven\" aria-required=\"true\" aria-invalid=\"false\" name=\"uroven\"><option value=\"Roz\u0159azovac\u00ed test z \u010de\u0161tiny A1 *\">Roz\u0159azovac\u00ed test z \u010de\u0161tiny A1 *<\/option><option value=\"Roz\u0159azovac\u00ed test z \u010de\u0161tiny A2 *\">Roz\u0159azovac\u00ed test z \u010de\u0161tiny A2 *<\/option><option value=\"Roz\u0159azovac\u00ed test z \u010de\u0161tiny B1 *\">Roz\u0159azovac\u00ed test z \u010de\u0161tiny B1 *<\/option><\/select><\/span>\n<\/p>\n<p><label><br \/>\n<span class=\"wpcf7-form-control-wrap\" data-name=\"checkbox-461\"><span class=\"wpcf7-form-control wpcf7-checkbox wpcf7-validates-as-required\"><span class=\"wpcf7-list-item first last\"><label><input type=\"checkbox\" name=\"checkbox-461[]\" value=\"Souhlas\u00edm se ze zpracov\u00e1n\u00edm osobn\u00edch \u00fadaj\u016f\" \/><span class=\"wpcf7-list-item-label\">Souhlas\u00edm se ze zpracov\u00e1n\u00edm osobn\u00edch \u00fadaj\u016f<\/span><\/label><\/span><\/span><\/span><br \/>\nSouhlas\u00edm se zpracov\u00e1n\u00edm osobn\u00edch \u00fadaj\u016f pouze pro pot\u0159eby jazykov\u00e9 \u0161koly. *<br \/>\n<\/label><br \/>\n<label><br \/>\n<span class=\"wpcf7-form-control-wrap\" data-name=\"checkbox-461\"><span class=\"wpcf7-form-control wpcf7-checkbox wpcf7-validates-as-required\"><span class=\"wpcf7-list-item first last\"><label><input type=\"checkbox\" name=\"checkbox-461[]\" value=\"Prohl\u00e1\u0161en\u00ed \u00fa\u010dastn\u00edka:\" \/><span class=\"wpcf7-list-item-label\">Prohl\u00e1\u0161en\u00ed \u00fa\u010dastn\u00edka:<\/span><\/label><\/span><\/span><\/span><br \/>\nProhla\u0161uji, \u017ee v\u0161echny uveden\u00e9 \u00fadaje jsou pravdiv\u00e9 a zavazuji se k dodr\u017eov\u00e1n\u00ed pravidel kurzu*<br \/>\n<\/label><br \/>\n<input class=\"wpcf7-form-control wpcf7-submit has-spinner\" type=\"submit\" value=\"Odeslat\" \/>\n<\/p><p style=\"display: none !important;\" class=\"akismet-fields-container\" data-prefix=\"_wpcf7_ak_\"><label>&#916;<textarea name=\"_wpcf7_ak_hp_textarea\" cols=\"45\" rows=\"8\" maxlength=\"100\"><\/textarea><\/label><input type=\"hidden\" id=\"ak_js_1\" name=\"_wpcf7_ak_js\" value=\"154\"\/><script>document.getElementById( \"ak_js_1\" ).setAttribute( \"value\", ( new Date() ).getTime() );<\/script><\/p><div class=\"wpcf7-response-output\" aria-hidden=\"true\"><\/div>\n<\/form>\n<\/div>\n\n","protected":false},"excerpt":{"rendered":"<p>\u041a\u0423\u0420\u0421 \u00ab\u0427\u0415\u0421\u042c\u041a\u0410 \u041c\u041e\u0412\u0410 \u2013 \u04101 Expres\u00bb&nbsp; \u0425\u043e\u0447\u0435\u0442\u0435 \u0448\u0432\u0438\u0434\u043a\u043e \u0437\u0430\u0433\u043e\u0432\u043e\u0440\u0438\u0442\u0438 \u0447\u0435\u0441\u044c\u043a\u043e\u044e? Expres A1 \u2014 \u0448\u0432\u0438\u0434\u043a\u0438\u0439 \u0441\u0442\u0430\u0440\u0442 \u0443 \u0432\u0438\u0432\u0447\u0435\u043d\u043d\u0456 \u043c\u043e\u0432\u0438 \u0437 \u043d\u0443\u043b\u044f! &hellip; <\/p>\n","protected":false},"author":1,"featured_media":0,"parent":0,"menu_order":0,"comment_status":"closed","ping_status":"closed","template":"","meta":{"_locale":"cs_CZ","_original_post":"https:\/\/www.academyelite.store\/studium\/aktualni-informace\/?page_id=919","footnotes":""},"class_list":["post-919","page","type-page","status-publish","hentry","cs-CZ"],"aioseo_notices":[],"_links":{"self":[{"href":"https:\/\/www.academyelite.store\/studium\/aktualni-informace\/wp-json\/wp\/v2\/pages\/919","targetHints":{"allow":["GET"]}}],"collection":[{"href":"https:\/\/www.academyelite.store\/studium\/aktualni-informace\/wp-json\/wp\/v2\/pages"}],"about":[{"href":"https:\/\/www.academyelite.store\/studium\/aktualni-informace\/wp-json\/wp\/v2\/types\/page"}],"author":[{"embeddable":true,"href":"https:\/\/www.academyelite.store\/studium\/aktualni-informace\/wp-json\/wp\/v2\/users\/1"}],"replies":[{"embeddable":true,"href":"https:\/\/www.academyelite.store\/studium\/aktualni-informace\/wp-json\/wp\/v2\/comments?post=919"}],"version-history":[{"count":2,"href":"https:\/\/www.academyelite.store\/studium\/aktualni-informace\/wp-json\/wp\/v2\/pages\/919\/revisions"}],"predecessor-version":[{"id":923,"href":"https:\/\/www.academyelite.store\/studium\/aktualni-informace\/wp-json\/wp\/v2\/pages\/919\/revisions\/923"}],"wp:attachment":[{"href":"https:\/\/www.academyelite.store\/studium\/aktualni-informace\/wp-json\/wp\/v2\/media?parent=919"}],"curies":[{"name":"wp","href":"https:\/\/api.w.org\/{rel}","templated":true}]}}